{"id":837,"date":"2021-11-30T22:53:29","date_gmt":"2021-11-30T22:53:29","guid":{"rendered":"https:\/\/www.bibliayteologiahoy.com\/?page_id=837"},"modified":"2024-12-02T09:04:04","modified_gmt":"2024-12-02T09:04:04","slug":"quienes-somos","status":"publish","type":"page","link":"https:\/\/www.bibliayteologiahoy.com\/?page_id=837","title":{"rendered":"Qui\u00e9nes somos"},"content":{"rendered":"\n<!--themify_builder_static--><img decoding=\"async\" src=\"https:\/\/www.bibliayteologiahoy.com\/wp-content\/uploads\/2021\/11\/BTH.jpg\" title=\"B&amp;TH\" alt=\"B&amp;TH\" srcset=\"https:\/\/www.bibliayteologiahoy.com\/wp-content\/uploads\/2021\/11\/BTH.jpg 1920w, https:\/\/www.bibliayteologiahoy.com\/wp-content\/uploads\/2021\/11\/BTH-300x169.jpg 300w, https:\/\/www.bibliayteologiahoy.com\/wp-content\/uploads\/2021\/11\/BTH-1024x576.jpg 1024w, https:\/\/www.bibliayteologiahoy.com\/wp-content\/uploads\/2021\/11\/BTH-768x432.jpg 768w, https:\/\/www.bibliayteologiahoy.com\/wp-content\/uploads\/2021\/11\/BTH-1536x864.jpg 1536w\" sizes=\"(max-width: 1920px) 100vw, 1920px\" \/>\n<h2>PRESENTACI\u00d3N DE BIBLIA Y TEOLOG\u00cdA HOY<br\/>JOURNAL TEOL\u00d3GICA IBEROAMERICANA<\/h2>\n<p style=\"text-align: right;\">Por <strong>Ra\u00fal Zald\u00edvar<\/strong><\/p> <p style=\"text-align: right;\"><i>Presidente del Consejo Editorial\u00a0<\/i><i>de Biblia y Teolog\u00eda Hoy<\/i><\/p> <p>\u00a0<\/p> <p>Mucha agua ha corrido por el r\u00edo Nilo desde que Or\u00edgenes escribiera su <i>Peri Archon, <\/i>la primera reflexi\u00f3n teol\u00f3gica que registra la historia de la Iglesia. Despu\u00e9s de Or\u00edgenes, es fascinante ver c\u00f3mo la teolog\u00eda ha ido evolucionando en el tiempo. La<i> Ciudad de Dios <\/i>de Agust\u00edn en el siglo V en el norte de \u00c1frica, la<i> Suma Teol\u00f3gica<\/i> de Tom\u00e1s de Aquino en la Italia del siglo XIII, la<i> Instituci\u00f3n de la Religi\u00f3n Cristiana<\/i> de Juan Calvino en el siglo XVI en Suiza, los sermones de Wesley en el siglo XVIII en Inglaterra, la teolog\u00eda de Berkhof a principios del siglo XX en Estados Unidos y la Teolog\u00eda de la Liberaci\u00f3n de Gustavo Guti\u00e9rrez a principios de los a\u00f1os setenta del siglo pasado en Per\u00fa.\u00a0<\/p> <p>Cada reflexi\u00f3n teol\u00f3gica lleva la marca de su \u00e9poca, as\u00ed que lo que escribi\u00f3 Or\u00edgenes, quien estaba preocupado de hablar de Dios y su universo, dista mucho de Gustavo Guti\u00e9rrez cuyo inter\u00e9s era la liberaci\u00f3n de los pobres de Latinoam\u00e9rica. A pesar de las diferencias que existen en las diversas teolog\u00edas, Jesucristo es el denominador com\u00fan de todas ellas. Jesucristo es el Se\u00f1or, \u00c9l es el salvador del mundo y esto es lo que importa. Como corolario de lo anterior, queda suficientemente claro que la reflexi\u00f3n teol\u00f3gica est\u00e1 sujeta al estilo de su tiempo, a los conceptos en boga, al contexto cultural y socioecon\u00f3mico en el que vive la persona que la escribe. En tal sentido, podemos afirmar que la teolog\u00eda es din\u00e1mica, progresiva, contextual, \u00e9tnica y que impone la obligaci\u00f3n de estar siempre actualizado.\u00a0<\/p> <p>Por otro lado tenemos la Biblia, fuente primigenia de la teolog\u00eda, cuya interpretaci\u00f3n va cambiado en todo aquello que se refiere a las relaciones entre Dios y los hombres. Es precisamente en este punto donde cobra vigencia el \u201cc\u00edrculo hermen\u00e9utico\u201d propuesto por Juan Luis Segundo en el que se nos afirma que el mismo texto ser\u00e1 interpretado de forma diferente seg\u00fan la cosmovisi\u00f3n que tenga la persona que hace la ex\u00e9gesis. As\u00ed que es normal y l\u00f3gico que la Biblia haya sido interpretada de una manera en el pasado y sea interpretada de otra en el presente. <i>Verbi gracia<\/i>, el ap\u00f3stol Pablo articul\u00f3 una teolog\u00eda bien clara sobre el tema de las relaciones con los esclavos. Hoy, en la \u00e9poca de los derechos humanos, tal teolog\u00eda <i>per se<\/i> no es ni aceptable ni aplicable, es necesario una relectura, es necesario someterla al \u201cc\u00edrculo hermen\u00e9utico\u201d.<\/p> <p>Con esto en mente surge la revista <i>Biblia y Teolog\u00eda Hoy, <\/i>para presentar a la sociedad actual una reflexi\u00f3n teol\u00f3gica pertinente, trascendente y sobre todo \u00fatil a la academia de este tiempo. Es importante se\u00f1alar que la revista <i>Biblia y Teolog\u00eda Hoy<\/i> es un esfuerzo acad\u00e9mico del cristianismo protestante iberoamericano para colmar uno de los vac\u00edos educativos m\u00e1s importantes; una revista acad\u00e9mica del m\u00e1s alto nivel que est\u00e9 a la altura de las publicaciones de las universidades m\u00e1s renombradas y en el idioma de Cervantes, el castellano.<\/p> <p>En tal sentido, es mi privilegio presentar a la comunidad acad\u00e9mica, al mundo estudiantil y a la Iglesia en general el Journal <em>Biblia\u00a0y teolog\u00eda Hoy<\/em>.\u00a0Una revista de la cual tenemos la convicci\u00f3n que marcar\u00e1 pautas, sentar\u00e1 precedentes, establecer\u00e1 tendencias y har\u00e1 contribuciones importantes no solamente a la academia sino a la Iglesia en general.<\/p> <p>Termino parafraseando a Robert Maynard Hutchins, quinto presidente de la Universidad Chicago, quien dijera: \u00abLa educaci\u00f3n no sirve para reformar personas, hacerlas engre\u00eddas o superiores [\u2026] la educaci\u00f3n sirve para desatar las mentes de los hombres, ampliar sus horizontes, inflamar sus intelectos y ense\u00f1arles a pensar correctamente\u00bb. Es mi deseo que lo que en esta revista se escriba desate la mente de los hombres, ampl\u00ede sus horizontes, inflame sus esp\u00edritus y les ense\u00f1e a pensar correctamente.<\/p>\n<a href=\"https:\/\/www.clie.es\" rel=\"noopener\" target=\"_blank\"> <img decoding=\"async\" src=\"https:\/\/www.bibliayteologiahoy.com\/wp-content\/uploads\/logo_editorial_clie.png\" title=\"logo_editorial_clie\" alt=\"logo_editorial_clie\" srcset=\"https:\/\/www.bibliayteologiahoy.com\/wp-content\/uploads\/logo_editorial_clie.png 400w, https:\/\/www.bibliayteologiahoy.com\/wp-content\/uploads\/logo_editorial_clie-300x300.png 300w, https:\/\/www.bibliayteologiahoy.com\/wp-content\/uploads\/logo_editorial_clie-150x150.png 150w\" sizes=\"(max-width: 400px) 100vw, 400px\" \/> <\/a>\n<a href=\"https:\/\/www.sociedadbiblica.org\" rel=\"noopener\" target=\"_blank\"> <img decoding=\"async\" src=\"https:\/\/www.bibliayteologiahoy.com\/wp-content\/uploads\/2021\/11\/SB.jpg\" title=\"SB\" alt=\"SB\" srcset=\"https:\/\/www.bibliayteologiahoy.com\/wp-content\/uploads\/2021\/11\/SB.jpg 500w, https:\/\/www.bibliayteologiahoy.com\/wp-content\/uploads\/2021\/11\/SB-300x300.jpg 300w, https:\/\/www.bibliayteologiahoy.com\/wp-content\/uploads\/2021\/11\/SB-150x150.jpg 150w\" sizes=\"(max-width: 500px) 100vw, 500px\" \/> <\/a>\n<a href=\"https:\/\/tienda.papiro52.com\" rel=\"noopener\" target=\"_blank\"> <img decoding=\"async\" src=\"https:\/\/www.bibliayteologiahoy.com\/wp-content\/uploads\/2021\/11\/PAPS.jpg\" title=\"PAPS\" alt=\"PAPS\" srcset=\"https:\/\/www.bibliayteologiahoy.com\/wp-content\/uploads\/2021\/11\/PAPS.jpg 500w, https:\/\/www.bibliayteologiahoy.com\/wp-content\/uploads\/2021\/11\/PAPS-300x300.jpg 300w, https:\/\/www.bibliayteologiahoy.com\/wp-content\/uploads\/2021\/11\/PAPS-150x150.jpg 150w\" sizes=\"(max-width: 500px) 100vw, 500px\" \/> <\/a>\n<h2>Respaldada por:<\/h2>\n<img loading=\"lazy\" decoding=\"async\" src=\"https:\/\/www.bibliayteologiahoy.com\/wp-content\/uploads\/2021\/12\/biblica-300x200.jpg\" width=\"300\" height=\"200\" title=\"biblica\" alt=\"biblica\">\n<img loading=\"lazy\" decoding=\"async\" src=\"https:\/\/www.bibliayteologiahoy.com\/wp-content\/uploads\/2021\/12\/worldvision-300x200.jpg\" width=\"300\" height=\"200\" title=\"worldvision\" alt=\"worldvision\">\n<img loading=\"lazy\" decoding=\"async\" src=\"https:\/\/www.bibliayteologiahoy.com\/wp-content\/uploads\/2021\/12\/sbu-300x200.jpg\" width=\"300\" height=\"200\" title=\"sbu\" alt=\"sbu\">\n<img decoding=\"async\" src=\"https:\/\/www.bibliayteologiahoy.com\/wp-content\/uploads\/2022\/01\/vida-logo-black-1.png\" title=\"vida logo black (1)\" alt=\"vida logo black (1)\" srcset=\"https:\/\/www.bibliayteologiahoy.com\/wp-content\/uploads\/2022\/01\/vida-logo-black-1.png 514w, https:\/\/www.bibliayteologiahoy.com\/wp-content\/uploads\/2022\/01\/vida-logo-black-1-300x141.png 300w\" sizes=\"(max-width: 514px) 100vw, 514px\" \/>\n<img loading=\"lazy\" decoding=\"async\" src=\"https:\/\/www.bibliayteologiahoy.com\/wp-content\/uploads\/2021\/12\/biblicavirtual2-300x200.jpg\" width=\"300\" height=\"200\" title=\"biblicavirtual2\" alt=\"biblicavirtual2\">\n<img loading=\"lazy\" decoding=\"async\" src=\"https:\/\/www.bibliayteologiahoy.com\/wp-content\/uploads\/2023\/02\/Alef_University-300x200.jpg\" width=\"300\" height=\"200\" title=\"Alef_University\" alt=\"Alef_University\">\n<img loading=\"lazy\" decoding=\"async\" src=\"https:\/\/www.bibliayteologiahoy.com\/wp-content\/uploads\/2021\/12\/consela3-300x200.jpg\" width=\"300\" height=\"200\" title=\"consela3\" alt=\"consela3\"><!--\/themify_builder_static-->\n","protected":false},"excerpt":{"rendered":"","protected":false},"author":757,"featured_media":0,"parent":0,"menu_order":0,"comment_status":"closed","ping_status":"closed","template":"","meta":{"footnotes":""},"class_list":["post-837","page","type-page","status-publish","hentry","has-post-title","has-post-date","has-post-category","has-post-tag","has-post-comment","has-post-author",""],"_links":{"self":[{"href":"https:\/\/www.bibliayteologiahoy.com\/index.php?rest_route=\/wp\/v2\/pages\/837","targetHints":{"allow":["GET"]}}],"collection":[{"href":"https:\/\/www.bibliayteologiahoy.com\/index.php?rest_route=\/wp\/v2\/pages"}],"about":[{"href":"https:\/\/www.bibliayteologiahoy.com\/index.php?rest_route=\/wp\/v2\/types\/page"}],"author":[{"embeddable":true,"href":"https:\/\/www.bibliayteologiahoy.com\/index.php?rest_route=\/wp\/v2\/users\/757"}],"replies":[{"embeddable":true,"href":"https:\/\/www.bibliayteologiahoy.com\/index.php?rest_route=%2Fwp%2Fv2%2Fcomments&post=837"}],"version-history":[{"count":39,"href":"https:\/\/www.bibliayteologiahoy.com\/index.php?rest_route=\/wp\/v2\/pages\/837\/revisions"}],"predecessor-version":[{"id":1946,"href":"https:\/\/www.bibliayteologiahoy.com\/index.php?rest_route=\/wp\/v2\/pages\/837\/revisions\/1946"}],"wp:attachment":[{"href":"https:\/\/www.bibliayteologiahoy.com\/index.php?rest_route=%2Fwp%2Fv2%2Fmedia&parent=837"}],"curies":[{"name":"wp","href":"https:\/\/api.w.org\/{rel}","templated":true}]}}