{"id":479,"date":"2021-11-24T01:55:41","date_gmt":"2021-11-24T01:55:41","guid":{"rendered":"https:\/\/www.bibliayteologiahoy.com\/default-redirect-page\/"},"modified":"2021-11-29T23:19:56","modified_gmt":"2021-11-29T23:19:56","slug":"contenido-restringido","status":"publish","type":"page","link":"https:\/\/www.bibliayteologiahoy.com\/?page_id=479","title":{"rendered":"Contenido restringido"},"content":{"rendered":"<!--themify_builder_static--><h3>Contenido restringido<\/h3> <h2>Compra una suscripci\u00f3n para acceder a todo el contenido.<\/h2>\n<a href=\"https:\/\/www.bibliayteologiahoy.com\/?page_id=469\" > Planes de suscripci\u00f3n <\/a>\n<h2>Cont\u00e1ctanos<\/h2> \n <p>Sus opiniones son importantes para nosotros. Ya sea una simple pregunta o una sugerencia valiosa, estamos aqu\u00ed.<\/p> \n \n <em style=\"background-color: #4d7de1;color: #edf3ff\"><svg aria-hidden=\"true\"><use href=\"#tf-far-envelope\"><\/use><\/svg><\/em> info@byth.com \n \n <h4>Email Us<\/h4> \n <form action=\"https:\/\/www.bibliayteologiahoy.com\/wp-admin\/admin-ajax.php\" class=\"builder-contact\" id=\"tb_gpwc10-form\" method=\"post\" data-post-id=\"360\" data-element-id=\"gpwc10\" data-orig-id=\"\" > <label for=\"tb_gpwc10-contact-name\">Nombre *<\/label> <input type=\"text\" name=\"contact-name\" placeholder=\"\" id=\"tb_gpwc10-contact-name\" value=\"\" required> <label for=\"tb_gpwc10-contact-email\">Email *<\/label> <input type=\"text\" name=\"contact-email\" placeholder=\"\" id=\"tb_gpwc10-contact-email\" value=\"\" required> <label for=\"tb_gpwc10-contact-subject\">tema *<\/label> <input type=\"text\" name=\"contact-subject\" placeholder=\"\" id=\"tb_gpwc10-contact-subject\" value=\"\" required> <label for=\"tb_gpwc10-contact-message\">MENSAJE *<\/label> <textarea name=\"contact-message\" placeholder=\"\" id=\"tb_gpwc10-contact-message\" required><\/textarea> <button type=\"submit\">ENVIAR<\/button> <\/form><!--\/themify_builder_static-->","protected":false},"excerpt":{"rendered":"<p>Contenido restringido Compra una suscripci\u00f3n para acceder a todo el contenido. Planes de suscripci\u00f3n Cont\u00e1ctanos Sus opiniones son importantes para nosotros. Ya sea una simple pregunta o una sugerencia valiosa, estamos aqu\u00ed. info@byth.com Email Us Nombre * Email * tema * MENSAJE * ENVIAR<\/p>\n","protected":false},"author":757,"featured_media":0,"parent":0,"menu_order":0,"comment_status":"closed","ping_status":"closed","template":"","meta":{"footnotes":""},"class_list":["post-479","page","type-page","status-publish","hentry","has-post-title","has-post-date","has-post-category","has-post-tag","has-post-comment","has-post-author",""],"_links":{"self":[{"href":"https:\/\/www.bibliayteologiahoy.com\/index.php?rest_route=\/wp\/v2\/pages\/479","targetHints":{"allow":["GET"]}}],"collection":[{"href":"https:\/\/www.bibliayteologiahoy.com\/index.php?rest_route=\/wp\/v2\/pages"}],"about":[{"href":"https:\/\/www.bibliayteologiahoy.com\/index.php?rest_route=\/wp\/v2\/types\/page"}],"author":[{"embeddable":true,"href":"https:\/\/www.bibliayteologiahoy.com\/index.php?rest_route=\/wp\/v2\/users\/757"}],"replies":[{"embeddable":true,"href":"https:\/\/www.bibliayteologiahoy.com\/index.php?rest_route=%2Fwp%2Fv2%2Fcomments&post=479"}],"version-history":[{"count":21,"href":"https:\/\/www.bibliayteologiahoy.com\/index.php?rest_route=\/wp\/v2\/pages\/479\/revisions"}],"predecessor-version":[{"id":783,"href":"https:\/\/www.bibliayteologiahoy.com\/index.php?rest_route=\/wp\/v2\/pages\/479\/revisions\/783"}],"wp:attachment":[{"href":"https:\/\/www.bibliayteologiahoy.com\/index.php?rest_route=%2Fwp%2Fv2%2Fmedia&parent=479"}],"curies":[{"name":"wp","href":"https:\/\/api.w.org\/{rel}","templated":true}]}}