{"id":465,"date":"2021-11-24T01:55:40","date_gmt":"2021-11-24T01:55:40","guid":{"rendered":"https:\/\/www.bibliayteologiahoy.com\/register\/"},"modified":"2026-04-10T09:41:00","modified_gmt":"2026-04-10T09:41:00","slug":"register","status":"publish","type":"page","link":"https:\/\/www.bibliayteologiahoy.com\/?page_id=465","title":{"rendered":"Reg\u00edstrate."},"content":{"rendered":"<div class=\"iump-register-form ihc-register-9\"><form  method=\"post\"  name=\"createuser\" id=\"createuser\" class=\"ihc-form-create-edit\" enctype=\"multipart\/form-data\" ><div class=\"iump-form-line-register iump-form-text\" id=\"ihc_reg_text_5881\"><input type=\"text\" name=\"user_login\"  class=\"\" value=\"\" placeholder=\"*Nombre de usuario\"   \/><\/div><div class=\"iump-form-line-register iump-form-text\" id=\"ihc_reg_text_2263\"><input type=\"text\" name=\"user_email\"  class=\"\" value=\"\" placeholder=\"*Correo electr\u00f3nico\"   \/><\/div><div class=\"iump-form-line-register iump-form-text\" id=\"ihc_reg_text_3824\"><input type=\"text\" name=\"first_name\"  class=\"\" value=\"\" placeholder=\"*Primer nombre\"   \/><\/div><div class=\"iump-form-line-register iump-form-text\" id=\"ihc_reg_text_8958\"><input type=\"text\" name=\"last_name\"  class=\"\" value=\"\" placeholder=\"*Apellido\"   \/><\/div><div class=\"iump-form-line-register iump-form-password\" id=\"ihc_reg_password_7788\"><input type=\"password\" name=\"pass1\"  class=\"\" value=\"\" placeholder=\"*Contrase\u00f1a\"  data-rules=\"6,1\"\/><span type=\"button\" class=\"ihc-hide-pw hide-if-no-js\" data-toggle=\"0\" aria-label=\"Show password\">\n\t\t\t\t\t\t<span class=\"dashicons dashicons-visibility\" aria-hidden=\"true\"><\/span>\n\t\t\t\t\t<\/span><div class=\"ihc-strength-wrapper\"><ul class=\"ihc-strength\"><li class=\"point\"><\/li><li class=\"point\"><\/li><li class=\"point\"><\/li><li class=\"point\"><\/li><li class=\"point\"><\/li><\/ul><div class=\"ihc-strength-label\"><\/div><\/div><\/div><div class=\"iump-form-line-register iump-form-password\" id=\"ihc_reg_password_7673\"><input type=\"password\" name=\"pass2\"  class=\"\" value=\"\" placeholder=\"*Confirmar Contrase\u00f1a\"  data-rules=\"6,1\"\/><span type=\"button\" class=\"ihc-hide-pw hide-if-no-js\" data-toggle=\"0\" aria-label=\"Show password\">\n\t\t\t\t\t\t<span class=\"dashicons dashicons-visibility\" aria-hidden=\"true\"><\/span>\n\t\t\t\t\t<\/span><div class=\"ihc-strength-wrapper\"><ul class=\"ihc-strength\"><li class=\"point\"><\/li><li class=\"point\"><\/li><li class=\"point\"><\/li><li class=\"point\"><\/li><li class=\"point\"><\/li><\/ul><div class=\"ihc-strength-label\"><\/div><\/div><\/div><div class=\"iump-form-line-register iump-form-textarea\" id=\"ihc_reg_textarea_695\"><label class=\"iump-labels-register\"><span class=\"ihc-required-sign\">*<\/span>Direcci\u00f3n <\/label><textarea name=\"addr1\"  class=\"iump-form-textarea \"   ><\/textarea><\/div><div class=\"iump-form-line-register iump-form-textarea\" id=\"ihc_reg_textarea_5886\"><label class=\"iump-labels-register\">Direcci\u00f3n 2<\/label><textarea name=\"addr2\"  class=\"iump-form-textarea \"   ><\/textarea><\/div><div class=\"iump-form-line-register iump-form-text\" id=\"ihc_reg_text_6792\"><input type=\"text\" name=\"zip\"  class=\"\" value=\"\" placeholder=\"*C\u00f3digo postal\"   \/><\/div><div class=\"iump-form-line-register iump-form-text\" id=\"ihc_reg_text_5806\"><input type=\"text\" name=\"city\"  class=\"\" value=\"\" placeholder=\"*Ciudad\"   \/><\/div><div class=\"iump-form-line-register iump-form-text\" id=\"ihc_reg_text_9402\"><input type=\"text\" name=\"thestate\"  class=\"\" value=\"\" placeholder=\"*Estado\/Provincia\"   \/><\/div><div class=\"iump-form-line-register iump-form-ihc_country\" id=\"ihc_reg_ihc_country_4912\"><label class=\"iump-labels-register\"><span class=\"ihc-required-sign\">*<\/span>Pa\u00eds<\/label><select name=\"ihc_country\" id=\"ihc_country_field\" onChange=\"ihcUpdateStateField( true );ihcUpdateCart();\" ><option value=\"AF\" >Afghanistan<\/option><option value=\"AX\" >&#197;land Islands<\/option><option value=\"AL\" >Albania<\/option><option value=\"DZ\" >Algeria<\/option><option value=\"AS\" >American Samoa<\/option><option value=\"AD\" >Andorra<\/option><option value=\"AO\" >Angola<\/option><option value=\"AI\" >Anguilla<\/option><option value=\"AQ\" >Antarctica<\/option><option value=\"AG\" >Antigua and Barbuda<\/option><option value=\"AR\" >Argentina<\/option><option value=\"AM\" >Armenia<\/option><option value=\"AW\" >Aruba<\/option><option value=\"AU\" >Australia<\/option><option value=\"AT\" >Austria<\/option><option value=\"AZ\" >Azerbaijan<\/option><option value=\"BS\" >Bahamas<\/option><option value=\"BH\" >Bahrain<\/option><option value=\"BD\" >Bangladesh<\/option><option value=\"BB\" >Barbados<\/option><option value=\"BY\" >Belarus<\/option><option value=\"BE\" >Belgium<\/option><option value=\"PW\" >Belau<\/option><option value=\"BZ\" >Belize<\/option><option value=\"BJ\" >Benin<\/option><option value=\"BM\" >Bermuda<\/option><option value=\"BT\" >Bhutan<\/option><option value=\"BO\" >Bolivia<\/option><option value=\"BQ\" >Bonaire, Saint Eustatius and Saba<\/option><option value=\"BA\" >Bosnia and Herzegovina<\/option><option value=\"BW\" >Botswana<\/option><option value=\"BV\" >Bouvet Island<\/option><option value=\"BR\" >Brazil<\/option><option value=\"IO\" >British Indian Ocean Territory<\/option><option value=\"VG\" >British Virgin Islands<\/option><option value=\"BN\" >Brunei<\/option><option value=\"BG\" >Bulgaria<\/option><option value=\"BF\" >Burkina Faso<\/option><option value=\"BI\" >Burundi<\/option><option value=\"KH\" >Cambodia<\/option><option value=\"CM\" >Cameroon<\/option><option value=\"CA\" >Canada<\/option><option value=\"CV\" >Cape Verde<\/option><option value=\"KY\" >Cayman Islands<\/option><option value=\"CF\" >Central African Republic<\/option><option value=\"TD\" >Chad<\/option><option value=\"CL\" >Chile<\/option><option value=\"CN\" >China<\/option><option value=\"CX\" >Christmas Island<\/option><option value=\"CC\" >Cocos (Keeling) Islands<\/option><option value=\"CO\" >Colombia<\/option><option value=\"KM\" >Comoros<\/option><option value=\"CG\" >Congo (Brazzaville)<\/option><option value=\"CD\" >Congo (Kinshasa)<\/option><option value=\"CK\" >Cook Islands<\/option><option value=\"CR\" >Costa Rica<\/option><option value=\"HR\" >Croatia<\/option><option value=\"CU\" >Cuba<\/option><option value=\"CW\" >Cura&ccedil;ao<\/option><option value=\"CY\" >Cyprus<\/option><option value=\"CZ\" >Czech Republic<\/option><option value=\"DK\" >Denmark<\/option><option value=\"DJ\" >Djibouti<\/option><option value=\"DM\" >Dominica<\/option><option value=\"DO\" >Dominican Republic<\/option><option value=\"EC\" >Ecuador<\/option><option value=\"EG\" >Egypt<\/option><option value=\"SV\" >El Salvador<\/option><option value=\"GQ\" >Equatorial Guinea<\/option><option value=\"ER\" >Eritrea<\/option><option value=\"EE\" >Estonia<\/option><option value=\"ET\" >Ethiopia<\/option><option value=\"FK\" >Falkland Islands<\/option><option value=\"FO\" >Faroe Islands<\/option><option value=\"FJ\" >Fiji<\/option><option value=\"FI\" >Finland<\/option><option value=\"FR\" >France<\/option><option value=\"GF\" >French Guiana<\/option><option value=\"PF\" >French Polynesia<\/option><option value=\"TF\" >French Southern Territories<\/option><option value=\"GA\" >Gabon<\/option><option value=\"GM\" >Gambia<\/option><option value=\"GE\" >Georgia<\/option><option value=\"DE\" >Germany<\/option><option value=\"GH\" >Ghana<\/option><option value=\"GI\" >Gibraltar<\/option><option value=\"GR\" >Greece<\/option><option value=\"GL\" >Greenland<\/option><option value=\"GD\" >Grenada<\/option><option value=\"GP\" >Guadeloupe<\/option><option value=\"GU\" >Guam<\/option><option value=\"GT\" >Guatemala<\/option><option value=\"GG\" >Guernsey<\/option><option value=\"GN\" >Guinea<\/option><option value=\"GW\" >Guinea-Bissau<\/option><option value=\"GY\" >Guyana<\/option><option value=\"HT\" >Haiti<\/option><option value=\"HM\" >Heard Island and McDonald Islands<\/option><option value=\"HN\" >Honduras<\/option><option value=\"HK\" >Hong Kong<\/option><option value=\"HU\" >Hungary<\/option><option value=\"IS\" >Iceland<\/option><option value=\"IN\" >India<\/option><option value=\"ID\" >Indonesia<\/option><option value=\"IR\" >Iran<\/option><option value=\"IQ\" >Iraq<\/option><option value=\"IE\" >Republic of Ireland<\/option><option value=\"IM\" >Isle of Man<\/option><option value=\"IL\" >Israel<\/option><option value=\"IT\" >Italy<\/option><option value=\"CI\" >Ivory Coast<\/option><option value=\"JM\" >Jamaica<\/option><option value=\"JP\" >Japan<\/option><option value=\"JE\" >Jersey<\/option><option value=\"JO\" >Jordan<\/option><option value=\"KZ\" >Kazakhstan<\/option><option value=\"KE\" >Kenya<\/option><option value=\"KI\" >Kiribati<\/option><option value=\"KW\" >Kuwait<\/option><option value=\"KG\" >Kyrgyzstan<\/option><option value=\"LA\" >Laos<\/option><option value=\"LV\" >Latvia<\/option><option value=\"LB\" >Lebanon<\/option><option value=\"LS\" >Lesotho<\/option><option value=\"LR\" >Liberia<\/option><option value=\"LY\" >Libya<\/option><option value=\"LI\" >Liechtenstein<\/option><option value=\"LT\" >Lithuania<\/option><option value=\"LU\" >Luxembourg<\/option><option value=\"MO\" >Macao S.A.R., China<\/option><option value=\"MK\" >Macedonia<\/option><option value=\"MG\" >Madagascar<\/option><option value=\"MW\" >Malawi<\/option><option value=\"MY\" >Malaysia<\/option><option value=\"MV\" >Maldives<\/option><option value=\"ML\" >Mali<\/option><option value=\"MT\" >Malta<\/option><option value=\"MH\" >Marshall Islands<\/option><option value=\"MQ\" >Martinique<\/option><option value=\"MR\" >Mauritania<\/option><option value=\"MU\" >Mauritius<\/option><option value=\"YT\" >Mayotte<\/option><option value=\"MX\" >Mexico<\/option><option value=\"FM\" >Micronesia<\/option><option value=\"MD\" >Moldova<\/option><option value=\"MC\" >Monaco<\/option><option value=\"MN\" >Mongolia<\/option><option value=\"ME\" >Montenegro<\/option><option value=\"MS\" >Montserrat<\/option><option value=\"MA\" >Morocco<\/option><option value=\"MZ\" >Mozambique<\/option><option value=\"MM\" >Myanmar<\/option><option value=\"NA\" >Namibia<\/option><option value=\"NR\" >Nauru<\/option><option value=\"NP\" >Nepal<\/option><option value=\"NL\" >Netherlands<\/option><option value=\"AN\" >Netherlands Antilles<\/option><option value=\"NC\" >New Caledonia<\/option><option value=\"NZ\" >New Zealand<\/option><option value=\"NI\" >Nicaragua<\/option><option value=\"NE\" >Niger<\/option><option value=\"NG\" >Nigeria<\/option><option value=\"NU\" >Niue<\/option><option value=\"NF\" >Norfolk Island<\/option><option value=\"MP\" >Northern Mariana Islands<\/option><option value=\"KP\" >North Korea<\/option><option value=\"NO\" >Norway<\/option><option value=\"OM\" >Oman<\/option><option value=\"PK\" >Pakistan<\/option><option value=\"PS\" >Palestinian Territory<\/option><option value=\"PA\" >Panama<\/option><option value=\"PG\" >Papua New Guinea<\/option><option value=\"PY\" >Paraguay<\/option><option value=\"PE\" >Peru<\/option><option value=\"PH\" >Philippines<\/option><option value=\"PN\" >Pitcairn<\/option><option value=\"PL\" >Poland<\/option><option value=\"PT\" >Portugal<\/option><option value=\"PR\" >Puerto Rico<\/option><option value=\"QA\" >Qatar<\/option><option value=\"RE\" >Reunion<\/option><option value=\"RO\" >Romania<\/option><option value=\"RU\" >Russia<\/option><option value=\"RW\" >Rwanda<\/option><option value=\"BL\" >Saint Barth&eacute;lemy<\/option><option value=\"SH\" >Saint Helena<\/option><option value=\"KN\" >Saint Kitts and Nevis<\/option><option value=\"LC\" >Saint Lucia<\/option><option value=\"MF\" >Saint Martin (French part)<\/option><option value=\"SX\" >Saint Martin (Dutch part)<\/option><option value=\"PM\" >Saint Pierre and Miquelon<\/option><option value=\"VC\" >Saint Vincent and the Grenadines<\/option><option value=\"SM\" >San Marino<\/option><option value=\"ST\" >S&atilde;o Tom&eacute; and Pr&iacute;ncipe<\/option><option value=\"SA\" >Saudi Arabia<\/option><option value=\"SN\" >Senegal<\/option><option value=\"RS\" >Serbia<\/option><option value=\"SC\" >Seychelles<\/option><option value=\"SL\" >Sierra Leone<\/option><option value=\"SG\" >Singapore<\/option><option value=\"SK\" >Slovakia<\/option><option value=\"SI\" >Slovenia<\/option><option value=\"SB\" >Solomon Islands<\/option><option value=\"SO\" >Somalia<\/option><option value=\"ZA\" >South Africa<\/option><option value=\"GS\" >South Georgia\/Sandwich Islands<\/option><option value=\"KR\" >South Korea<\/option><option value=\"SS\" >South Sudan<\/option><option value=\"ES\" >Spain<\/option><option value=\"LK\" >Sri Lanka<\/option><option value=\"SD\" >Sudan<\/option><option value=\"SR\" >Suriname<\/option><option value=\"SJ\" >Svalbard and Jan Mayen<\/option><option value=\"SZ\" >Swaziland<\/option><option value=\"SE\" >Sweden<\/option><option value=\"CH\" >Switzerland<\/option><option value=\"SY\" >Syria<\/option><option value=\"TW\" >Taiwan<\/option><option value=\"TJ\" >Tajikistan<\/option><option value=\"TZ\" >Tanzania<\/option><option value=\"TH\" >Thailand<\/option><option value=\"TL\" >Timor-Leste<\/option><option value=\"TG\" >Togo<\/option><option value=\"TK\" >Tokelau<\/option><option value=\"TO\" >Tonga<\/option><option value=\"TT\" >Trinidad and Tobago<\/option><option value=\"TN\" >Tunisia<\/option><option value=\"TR\" >Turkey<\/option><option value=\"TM\" >Turkmenistan<\/option><option value=\"TC\" >Turks and Caicos Islands<\/option><option value=\"TV\" >Tuvalu<\/option><option value=\"UG\" >Uganda<\/option><option value=\"UA\" >Ukraine<\/option><option value=\"AE\" >United Arab Emirates<\/option><option value=\"GB\" >United Kingdom (UK)<\/option><option value=\"US\" selected>United States (US)<\/option><option value=\"UM\" >United States (US) Minor Outlying Islands<\/option><option value=\"VI\" >United States (US) Virgin Islands<\/option><option value=\"UY\" >Uruguay<\/option><option value=\"UZ\" >Uzbekistan<\/option><option value=\"VU\" >Vanuatu<\/option><option value=\"VA\" >Vatican<\/option><option value=\"VE\" >Venezuela<\/option><option value=\"VN\" >Vietnam<\/option><option value=\"WF\" >Wallis and Futuna<\/option><option value=\"EH\" >Western Sahara<\/option><option value=\"WS\" >Samoa<\/option><option value=\"YE\" >Yemen<\/option><option value=\"ZM\" >Zambia<\/option><option value=\"ZW\" >Zimbabwe<\/option><\/select><ul id=\"ihc_countries_list_ul\" class=\"ihc-display-none\"><\/ul>\n\t\t\t\t\t<span class=\"ihc-js-countries-list-data\"\n\t\t\t\t\t\t\t\tdata-selector=\"#ihc_country_field\"\n\t\t\t\t\t\t\t\tdata-placeholder=\"Select Your Country\"\n\t\t\t\t\t><\/span><\/div><div class=\"ihc-tos-wrap\" id=\"ihc_tos_field_parent_102\">\n    <input type=\"checkbox\" value=\"1\" name=\"tos\" class=\"\" \/>\n    <a href=\"https:\/\/www.bibliayteologiahoy.com\/?page_id=475\" target=\"_blank\">Acepta nuestros t\u00e9rminos y condiciones<\/a>\n<\/div>\n<input type=\"hidden\" name=\"ihc_payment_gateway\" value=\"stripe_checkout_v2\" \/><input type=\"hidden\" name=\"ihcaction\"  class=\"\" value=\"register\"  \/><input type=\"hidden\" name=\"lid\"  class=\"\" value=\"2\"  \/><div class=\"ihc-checkout-page-wrapp\" id=\"ihc_checkout_page_wrapp\">\r\n    <div class=\"ihc-checkout-page-left-side ihc-checkout-page-one-column\">\r\n\r\n   <!-- Customer Form -->\r\n   <div id=\"ihc-checout-page-purchase-customer-form-section\">\r\n          <\/div>\r\n  <!-- Payment Method -->\r\n  <div id=\"ihc-checout-page-purchase-payment-method-section\">\r\n          <div class=\"ihc-checkout-page-box-wrapper ihc-checkout-page-payment-selection-wrapper\">\r\n      <div class=\"ihc-checkout-page-box-title\">\r\n        Payment Method      <\/div>\r\n      <!-- List of available Payment methods for current Membership -->\r\n      <div class=\"ihc-checkout-page-payment-selection\">\r\n\r\n        \r\n            <div class=\"ihc-select-payment-theme-2 \">\r\n\r\n                              <div class=\"iump-form-paybox\" >\r\n                                    <img decoding=\"async\" src=\"https:\/\/www.bibliayteologiahoy.com\/wp-content\/plugins\/indeed-membership-pro\/assets\/images\/stripe_checkout_v2.png\" data-type=\"stripe_checkout_v2\" class=\"ihc-payment-icon ihc-payment-select-img-selected ihc-js-select-payment\" id=\"ihc_payment_icon_stripe_checkout_v2\" \/>\r\n                <\/div>\r\n              \r\n            <\/div>\r\n\r\n        \r\n      <\/div>\r\n      <!-- Inline fields from Braintree, Authorize, etc -->\r\n      <div class=\"ihc-checkout-page-payment-onsite-fields\">\r\n        \r\n        <!-- Loading Spinner -->\r\n        <div class=\"ihc-loading-inline-payment-fields ihc-display-none\"><i class=\"fa-ihc ihc-icon-spinner ihc-icon-spin\"><\/i> Please wait...<\/div>\r\n        \r\n          <!-- Authorize.Net Recurring Subscriptions -->\r\n          \r\n          <!-- Braintree -->\r\n          \r\n          <!-- Stripe Connect -->\r\n          \r\n                <\/div>\r\n    <\/div>\r\n  <\/div>\r\n\r\n  <\/div>\r\n\r\n  <div class=\"ihc-checkout-page-right-side ihc-checkout-page-one-column\">\r\n\r\n    <!-- SUBSCRIPTION DETAILS -->\r\n    <div id=\"ihc-checout-page-purchase-subscription-details-section\">\r\n        <div class=\"ihc-checkout-page-box-wrapper ihc-product-details-wrapper\">\r\n  <div class=\"ihc-product-details\">\r\n                <!-- Standard Recurring -->\r\n            <table class=\"ihc-product-details-table\">\r\n              <tr class=\"ihc-product-details-table-name-row\">\r\n                <td>\r\n                  <div class=\"ihc-product-name\">Suscripci\u00f3n Anual Digital<\/div>\r\n                  <div class=\"ihc-product-description\"><\/div>\r\n                <\/td>\r\n                <td>\r\n                  <div class=\"ihc-product-price\">\r\n                      <span id=\"ihc-product-price\">12.00USD<\/span>\r\n                      <span class=\"ihc-product-price-detail\"> every 365 days<\/span>\r\n                  <\/div>\r\n                <\/td>\r\n              <\/tr>\r\n\r\n              <tr id=\"ihc-main-payment-discount\" class=\"ihc-display-none\">\r\n                <td><div class=\"ihc-product-fee-label-extra\">Discount (<span id=\"ihc-main-payment-discount-value\"><\/span>)<\/div><\/td>\r\n                <td><div class=\"ihc-product-price-extra\">-0.00USD<\/div><\/td>\r\n              <\/tr>\r\n              \r\n            <\/table>\r\n           <\/div>\r\n<\/div>\r\n    <\/div>\r\n\r\n    \r\n    <!-- TAXES -->\r\n    <div id=\"ihc-checout-page-taxes-section\">\r\n        <!-- TAXES -->\r\n    <\/div>\r\n\r\n    <!-- SUBTOTAL -->\r\n    <div id=\"ihc-checout-page-subtotal-section\">\r\n        \r\n<div class=\"ihc-checkout-page-box-wrapper ihc-subtotal-wrapper\">\r\n  <div class=\"ihc-checkout-page-box-title\">Subtotal<\/div>\r\n            <!-- Standard Recurring -->\r\n          <table  class=\"ihc-product-details-table ihc-subtotal-table\">\r\n            <tr>\r\n              <td><div class=\"ihc-product-main-fee-label\">Fee<\/div>\r\n              <\/td>\r\n              <td>\r\n                <div class=\"ihc-product-price\">\r\n                  <span id=\"ihc-subtotal-product-price\">12.00USD<\/span>\r\n                  <span class=\"ihc-product-price-detail\"> every 365 days<\/span>\r\n                <\/div>\r\n              <\/td>\r\n            <\/tr>\r\n          <\/table>\r\n       \r\n<\/div>\r\n\r\n    <div class=\"ihc-js-checkout-session\" data-value=\"YTo2OntzOjEyOiJmaXJzdF9hbW91bnQiO2I6MDtzOjY6ImFtb3VudCI7ZDoxMjtzOjg6ImN1cnJlbmN5IjtzOjM6IlVTRCI7czozOiJ1aWQiO2k6MDtzOjM6ImxpZCI7czoxOiIyIjtzOjExOiJsZXZlbF9sYWJlbCI7czoyNjoiU3VzY3JpcGNpw7NuIEFudWFsIERpZ2l0YWwiO30=\" ><\/div>\r\n    <\/div>\r\n\r\n    <!-- PRIVACY POLICY -->\r\n    \r\n    <!-- PURCHASE BUTTON -->\r\n    <div id=\"ihc-checout-page-purchase-button-section\">\r\n        \r\n\r\n<input type=\"hidden\" name=\"lid\" value=\"2\" \/>\r\n<input type=\"hidden\" name=\"checkout-form\" value=\"1\" \/>\r\n<input type=\"hidden\" name=\"subscription_access_type\" value=\"regular_period\" \/>\r\n\r\n<input type=\"hidden\" name=\"payment_selected\" value=\"stripe_checkout_v2\" \/>\r\n\r\n<input type=\"hidden\" name=\"coupon_used\" value=\"\" \/>\r\n\r\n<input type=\"hidden\" name=\"dynamic_price_set\" value=\"\" \/>\r\n\r\n<input type=\"hidden\" name=\"country\" value=\"\" \/>\r\n\r\n<input type=\"hidden\" name=\"state\" value=\"\" \/>\r\n\r\n    <\/div>\r\n\r\n  <\/div>\r\n\r\n  \r\n<\/div>\r\n<div class=\"iump-submit-form\"><input type=\"submit\" value=\"Registrarse\" name=\"Submit\" id=\"ihc_submit_bttn\" class=\"button button-primary button-large\"   \/><\/div><input type='hidden' name='ihc_user_add_edit_nonce' value='e39bef8655' \/><input type=\"hidden\" name=\"ihcFormType\" value=\"register\" \/><\/form><\/div>\r\nAl pulsar este bot\u00f3n tendr\u00e1 que poner sus datos de pago, puede cancelar la suscripci\u00f3n cuando considere oportuno.\r\n<!--themify_builder_static--><!--\/themify_builder_static-->","protected":false},"excerpt":{"rendered":"<p>Al pulsar este bot\u00f3n tendr\u00e1 que poner sus datos de pago, puede cancelar la suscripci\u00f3n cuando considere oportuno.<\/p>\n","protected":false},"author":757,"featured_media":0,"parent":0,"menu_order":0,"comment_status":"closed","ping_status":"closed","template":"","meta":{"footnotes":""},"class_list":["post-465","page","type-page","status-publish","hentry","has-post-title","has-post-date","has-post-category","has-post-tag","has-post-comment","has-post-author",""],"_links":{"self":[{"href":"https:\/\/www.bibliayteologiahoy.com\/index.php?rest_route=\/wp\/v2\/pages\/465","targetHints":{"allow":["GET"]}}],"collection":[{"href":"https:\/\/www.bibliayteologiahoy.com\/index.php?rest_route=\/wp\/v2\/pages"}],"about":[{"href":"https:\/\/www.bibliayteologiahoy.com\/index.php?rest_route=\/wp\/v2\/types\/page"}],"author":[{"embeddable":true,"href":"https:\/\/www.bibliayteologiahoy.com\/index.php?rest_route=\/wp\/v2\/users\/757"}],"replies":[{"embeddable":true,"href":"https:\/\/www.bibliayteologiahoy.com\/index.php?rest_route=%2Fwp%2Fv2%2Fcomments&post=465"}],"version-history":[{"count":10,"href":"https:\/\/www.bibliayteologiahoy.com\/index.php?rest_route=\/wp\/v2\/pages\/465\/revisions"}],"predecessor-version":[{"id":2230,"href":"https:\/\/www.bibliayteologiahoy.com\/index.php?rest_route=\/wp\/v2\/pages\/465\/revisions\/2230"}],"wp:attachment":[{"href":"https:\/\/www.bibliayteologiahoy.com\/index.php?rest_route=%2Fwp%2Fv2%2Fmedia&parent=465"}],"curies":[{"name":"wp","href":"https:\/\/api.w.org\/{rel}","templated":true}]}}