{"id":369,"date":"2021-11-22T15:13:37","date_gmt":"2021-11-22T15:13:37","guid":{"rendered":"https:\/\/www.bibliayteologiahoy.com\/?page_id=369"},"modified":"2024-11-04T14:24:42","modified_gmt":"2024-11-04T14:24:42","slug":"actual","status":"publish","type":"page","link":"https:\/\/www.bibliayteologiahoy.com\/?page_id=369","title":{"rendered":"Vol. 2, n\u00fam 1"},"content":{"rendered":"<\/p>\n\n\n<!--themify_builder_static--><h1>Vol. 2, n\u00fam 1<\/h1> <p>Ya est\u00e1 disponible el segundo tomo de la publicaci\u00f3n <i>Biblia y Teolog\u00eda Hoy, revista teol\u00f3gica Iberoamericana<\/i> (BYTH), patrocinada por Editorial CLIE, Sociedad B\u00edblica de Espa\u00f1a y Papiro 52.<\/p>\n<a href=\"https:\/\/www.bibliayteologiahoy.com\/?page_id=469\" > Suscripci\u00f3n <\/a>\n<img loading=\"lazy\" decoding=\"async\" src=\"https:\/\/www.bibliayteologiahoy.com\/wp-content\/uploads\/2022\/09\/dispositivos-442x452.png\" width=\"442\" height=\"452\" title=\"dispositivos\" alt=\"dispositivos\" srcset=\"https:\/\/www.bibliayteologiahoy.com\/wp-content\/uploads\/2022\/09\/dispositivos-442x452.png 442w, https:\/\/www.bibliayteologiahoy.com\/wp-content\/uploads\/2022\/09\/dispositivos-293x300.png 293w, https:\/\/www.bibliayteologiahoy.com\/wp-content\/uploads\/2022\/09\/dispositivos-768x785.png 768w, https:\/\/www.bibliayteologiahoy.com\/wp-content\/uploads\/2022\/09\/dispositivos-500x511.png 500w, https:\/\/www.bibliayteologiahoy.com\/wp-content\/uploads\/2022\/09\/dispositivos-50x50.png 50w, https:\/\/www.bibliayteologiahoy.com\/wp-content\/uploads\/2022\/09\/dispositivos-300x306.png 300w, https:\/\/www.bibliayteologiahoy.com\/wp-content\/uploads\/2022\/09\/dispositivos.png 884w\" sizes=\"auto, (max-width: 442px) 100vw, 442px\" \/>\n<p>Tenemos en este n\u00famero un mosaico de temas que hacen honor al nombre de la revista: Biblia y teolog\u00eda hoy. Los autores representan diferentes herencias denominacionales as\u00ed como una cultura \u00fanica y en esta nueva edici\u00f3n encontrar\u00e1n prueba de ello.<\/p>\n\n<a href=\"https:\/\/www.bibliayteologiahoy.com\/wp-content\/uploads\/2022\/09\/Biblia-y-teologia-hoy-2-muestra.pdf\" > descarga el pdf muestra <\/a>\n<h1>Edici\u00f3n F\u00edsica<\/h1>\n<p><i>Biblia y Teolog\u00eda Hoy<\/i> se presenta en formato impreso, que bajo compra espor\u00e1dica o suscripci\u00f3n anual, llegar\u00e1 a su domicilio por correo ordinario. Si adquiere la revista f\u00edsica, BYTH le obsequiar\u00e1 con la descarga gratuita del mismo contenido en digital para que pueda leerlo desde el mismo d\u00eda en que adquiera la revista.<\/p>\n<a href=\"https:\/\/www.bibliayteologiahoy.com\/?page_id=465&#038;lid=1\" target=\"_blank\" rel=\"noopener\"> Suscripci\u00f3n anual <\/a>\n<a href=\"https:\/\/www.bibliayteologiahoy.com\/?page_id=465&#038;lid=3\" target=\"_blank\" rel=\"noopener\"> Comprar tomo <\/a>\n<img loading=\"lazy\" decoding=\"async\" src=\"https:\/\/www.bibliayteologiahoy.com\/wp-content\/uploads\/2021\/11\/mag1-1-500x399.jpg\" width=\"500\" height=\"399\" title=\"mag1\" alt=\"mag1\" srcset=\"https:\/\/www.bibliayteologiahoy.com\/wp-content\/uploads\/2021\/11\/mag1-1-500x399.jpg 500w, https:\/\/www.bibliayteologiahoy.com\/wp-content\/uploads\/2021\/11\/mag1-1-300x240.jpg 300w, https:\/\/www.bibliayteologiahoy.com\/wp-content\/uploads\/2021\/11\/mag1-1.jpg 600w\" sizes=\"auto, (max-width: 500px) 100vw, 500px\" \/>\n<img loading=\"lazy\" decoding=\"async\" src=\"https:\/\/www.bibliayteologiahoy.com\/wp-content\/uploads\/2021\/11\/actual-2-500x399.jpg\" width=\"500\" height=\"399\" title=\"actual 2\" alt=\"actual 2\" srcset=\"https:\/\/www.bibliayteologiahoy.com\/wp-content\/uploads\/2021\/11\/actual-2-500x399.jpg 500w, https:\/\/www.bibliayteologiahoy.com\/wp-content\/uploads\/2021\/11\/actual-2-300x240.jpg 300w, https:\/\/www.bibliayteologiahoy.com\/wp-content\/uploads\/2021\/11\/actual-2.jpg 600w\" sizes=\"auto, (max-width: 500px) 100vw, 500px\" \/>\n<h1>Edici\u00f3n Digital<\/h1>\n<p><i>Biblia y Teolog\u00eda Hoy<\/i> puede adquirirse en formato digital tanto de forma espor\u00e1dica como en suscripci\u00f3n anual en nuestra p\u00e1gina web. Adem\u00e1s contamos con distribuci\u00f3n en plataformas externas tales como Amazon, Apple y Google.<\/p>\n<a href=\"https:\/\/www.bibliayteologiahoy.com\/?page_id=465&#038;lid=2\" target=\"_blank\" rel=\"noopener\"> Suscripci\u00f3n anual <\/a>\n<a href=\"https:\/\/www.bibliayteologiahoy.com\/?page_id=465&#038;lid=4\" target=\"_blank\" rel=\"noopener\"> Comprar tomo <\/a>\n<h2 style=\"text-align: left;\">Otras opciones de compra:<\/h2>\n<a href=\"https:\/\/www.amazon.com\/gp\/product\/B0BG8XRGDT\/ref=as_li_tl?ie=UTF8&#038;creativeASIN=B0BG8XRGDT&#038;linkCode=as2\"> <img loading=\"lazy\" decoding=\"async\" src=\"https:\/\/www.bibliayteologiahoy.com\/wp-content\/uploads\/2021\/12\/kindle-150x150.png\" width=\"150\" height=\"150\" title=\"kindle\" alt=\"kindle\" srcset=\"https:\/\/www.bibliayteologiahoy.com\/wp-content\/uploads\/2021\/12\/kindle-150x150.png 150w, https:\/\/www.bibliayteologiahoy.com\/wp-content\/uploads\/2021\/12\/kindle.png 250w\" sizes=\"auto, (max-width: 150px) 100vw, 150px\" \/> <\/a>\n<a href=\"https:\/\/www.amazon.com\/gp\/product\/B0BG8XRGDT\/ref=as_li_tl?ie=UTF8&#038;creativeASIN=B0BG8XRGDT&#038;linkCode=as2\" target=\"_blank\" rel=\"noopener\"> AMAZON Kindle <\/a>\n<a href=\"https:\/\/books.apple.com\/us\/book\/id6443507190\"> <img loading=\"lazy\" decoding=\"async\" src=\"https:\/\/www.bibliayteologiahoy.com\/wp-content\/uploads\/2021\/12\/APPLE-150x150.png\" width=\"150\" height=\"150\" title=\"APPLE\" alt=\"APPLE\" srcset=\"https:\/\/www.bibliayteologiahoy.com\/wp-content\/uploads\/2021\/12\/APPLE-150x150.png 150w, https:\/\/www.bibliayteologiahoy.com\/wp-content\/uploads\/2021\/12\/APPLE.png 250w\" sizes=\"auto, (max-width: 150px) 100vw, 150px\" \/> <\/a>\n<a href=\"https:\/\/books.apple.com\/us\/book\/id6443507190\" target=\"_blank\" rel=\"noopener\"> apple books <\/a>\n<a href=\"https:\/\/play.google.com\/store\/books\/details?id=3NyLEAAAQBAJ&#038;PAffiliateID=1100lcQHW&#038;gl=us\"> <img loading=\"lazy\" decoding=\"async\" src=\"https:\/\/www.bibliayteologiahoy.com\/wp-content\/uploads\/2021\/12\/GPLAY-150x150.png\" width=\"150\" height=\"150\" title=\"GPLAY\" alt=\"GPLAY\" srcset=\"https:\/\/www.bibliayteologiahoy.com\/wp-content\/uploads\/2021\/12\/GPLAY-150x150.png 150w, https:\/\/www.bibliayteologiahoy.com\/wp-content\/uploads\/2021\/12\/GPLAY.png 250w\" sizes=\"auto, (max-width: 150px) 100vw, 150px\" \/> <\/a>\n<a href=\"https:\/\/play.google.com\/store\/books\/details?id=3NyLEAAAQBAJ&#038;PAffiliateID=1100lcQHW&#038;gl=us\" target=\"_blank\" rel=\"noopener\"> Google play <\/a>\n<a href=\"https:\/\/books.google.es\/books?id=3NyLEAAAQBAJ&#038;pg=PT4&#038;dq=Biblia+y+Teolog%C3%ADa+Hoy+(Septiembre-2022)&#038;hl=es&#038;sa=X&#038;ved=2ahUKEwifpKbq_836AhVny7sIHUk_BjsQ6AF6BAgLEAI#v=onepage&#038;q=Biblia%20y%20Teolog%C3%ADa%20Hoy%20(Septiembre-2022)&#038;f=false\"> <img loading=\"lazy\" decoding=\"async\" src=\"https:\/\/www.bibliayteologiahoy.com\/wp-content\/uploads\/2021\/12\/gboks-150x150.png\" width=\"150\" height=\"150\" title=\"gboks\" alt=\"gboks\" srcset=\"https:\/\/www.bibliayteologiahoy.com\/wp-content\/uploads\/2021\/12\/gboks-150x150.png 150w, https:\/\/www.bibliayteologiahoy.com\/wp-content\/uploads\/2021\/12\/gboks.png 250w\" sizes=\"auto, (max-width: 150px) 100vw, 150px\" \/> <\/a>\n<a href=\"https:\/\/books.google.es\/books?id=3NyLEAAAQBAJ&#038;pg=PT4&#038;dq=Biblia+y+Teolog%C3%ADa+Hoy+(Septiembre-2022)&#038;hl=es&#038;sa=X&#038;ved=2ahUKEwifpKbq_836AhVny7sIHUk_BjsQ6AF6BAgLEAI#v=onepage&#038;q=Biblia%20y%20Teolog%C3%ADa%20Hoy%20(Septiembre-2022)&#038;f=false\" target=\"_blank\" rel=\"noopener\"> google books <\/a>\n<a href=\"https:\/\/www.amazon.com\/-\/es\/RA\u00daL-ZALD\u00cdVAR\/dp\/8419055212\/ref=sr_1_2?__mk_es_US=\u00c5M\u00c5\u017d\u00d5\u00d1&#038;crid=2CFXYOW8B2XJR&#038;keywords=Biblia+y+teolog%C3%ADa+hoy&#038;qid=1665141716&#038;qu=eyJxc2MiOiIwLjAwIiwicXNhIjoiMC4wMCIsInFzcCI6IjAuMDAifQ%3D%3D&#038;sprefix=biblia+y+teolog%C3%ADa+hoy%2Caps%2C176&#038;sr=8-2\"> <img loading=\"lazy\" decoding=\"async\" src=\"https:\/\/www.bibliayteologiahoy.com\/wp-content\/uploads\/2021\/12\/AMAZLOG-150x150.png\" width=\"150\" height=\"150\" title=\"AMAZLOG\" alt=\"AMAZLOG\" srcset=\"https:\/\/www.bibliayteologiahoy.com\/wp-content\/uploads\/2021\/12\/AMAZLOG-150x150.png 150w, https:\/\/www.bibliayteologiahoy.com\/wp-content\/uploads\/2021\/12\/AMAZLOG.png 250w\" sizes=\"auto, (max-width: 150px) 100vw, 150px\" \/> <\/a>\n<a href=\"https:\/\/www.amazon.com\/-\/es\/RA\u00daL-ZALD\u00cdVAR\/dp\/8419055212\/ref=sr_1_2?__mk_es_US=\u00c5M\u00c5\u017d\u00d5\u00d1&#038;crid=2CFXYOW8B2XJR&#038;keywords=Biblia+y+teolog%C3%ADa+hoy&#038;qid=1665141716&#038;qu=eyJxc2MiOiIwLjAwIiwicXNhIjoiMC4wMCIsInFzcCI6IjAuMDAifQ%3D%3D&#038;sprefix=biblia+y+teolog%C3%ADa+hoy%2Caps%2C176&#038;sr=8-2\" target=\"_blank\" rel=\"noopener\"> IMPRESO AMAZON <\/a>\n<h1>Oscar Garc\u00eda-Johnson<br\/><\/h1>\n<ul><li><p>Oscar Garc\u00eda-Johnson es un hondure\u00f1o viviendo en la di\u00e1spora, un profesor del Seminario Teol\u00f3gico de Fuller quien nos escribe un excelente art\u00edculo sobre un muy poco trabajado tema: Fe en busca de tierra: una teolog\u00eda de la tierra desde los despose\u00eddos basado en el contexto de un concepto mucho m\u00e1s amplio Teolog\u00eda del nuevo mundo.<\/p><\/li><\/ul>\n<h1>Cristian Giordano Q.<br\/><\/h1>\n<ul><li><p>El profesor espa\u00f1ol Cristian Giordano Q. nos redacta un tema siempre pertinente: Discipulado y liturgia. En una exposici\u00f3n impecable del tema nos anima a que el discipulado del siglo xxi sea una caminata vital y contribuya a crear una identidad s\u00f3lida. Aboga, para ello, a la renovaci\u00f3n de la liturgia, consider\u00e1ndola la cara comunitaria del discipulado.<\/p><\/li><\/ul>\n<h1>Samuel David Pag\u00e1n<br\/><\/h1>\n<ul><li><p>El historiador de origen puertorrique\u00f1o, Samuel David Pag\u00e1n, escribe: Hacia una nueva escuela de la historia de la fe. Teor\u00eda y metodolog\u00eda para escribir la historia. Donde nos plantea la necesidad de desarrollar una conciencia hist\u00f3rica con responsabilidad social y una metodolog\u00eda integral armonizando elementos cient\u00edficos y teol\u00f3gicos en la escritura y articulaci\u00f3n de una nueva historia de la fe. <\/p><\/li><\/ul>\n<h1>Ra\u00fal E. Rocha<br\/><\/h1>\n<ul><li><p>Para terminar el profesor Ra\u00fal E. Rocha del Seminario Internacional Teol\u00f3gico Bautista de Argentina, quien nos habla de un tema actual: Las iglesias cristianas evang\u00e9licas ante los desaf\u00edos de la nueva normalidad. La pandemia como un fen\u00f3meno social con grandes desaf\u00edos para las iglesias, ofreciendo una relevante respuesta desde una perspectiva b\u00edblico-pastoral. Un art\u00edculo postpandemia de una gran utilidad para la iglesia.<\/p><\/li><\/ul><!--\/themify_builder_static-->\n","protected":false},"excerpt":{"rendered":"","protected":false},"author":757,"featured_media":0,"parent":0,"menu_order":0,"comment_status":"closed","ping_status":"closed","template":"","meta":{"footnotes":""},"class_list":["post-369","page","type-page","status-publish","hentry","has-post-title","has-post-date","has-post-category","has-post-tag","has-post-comment","has-post-author",""],"_links":{"self":[{"href":"https:\/\/www.bibliayteologiahoy.com\/index.php?rest_route=\/wp\/v2\/pages\/369","targetHints":{"allow":["GET"]}}],"collection":[{"href":"https:\/\/www.bibliayteologiahoy.com\/index.php?rest_route=\/wp\/v2\/pages"}],"about":[{"href":"https:\/\/www.bibliayteologiahoy.com\/index.php?rest_route=\/wp\/v2\/types\/page"}],"author":[{"embeddable":true,"href":"https:\/\/www.bibliayteologiahoy.com\/index.php?rest_route=\/wp\/v2\/users\/757"}],"replies":[{"embeddable":true,"href":"https:\/\/www.bibliayteologiahoy.com\/index.php?rest_route=%2Fwp%2Fv2%2Fcomments&post=369"}],"version-history":[{"count":188,"href":"https:\/\/www.bibliayteologiahoy.com\/index.php?rest_route=\/wp\/v2\/pages\/369\/revisions"}],"predecessor-version":[{"id":2144,"href":"https:\/\/www.bibliayteologiahoy.com\/index.php?rest_route=\/wp\/v2\/pages\/369\/revisions\/2144"}],"wp:attachment":[{"href":"https:\/\/www.bibliayteologiahoy.com\/index.php?rest_route=%2Fwp%2Fv2%2Fmedia&parent=369"}],"curies":[{"name":"wp","href":"https:\/\/api.w.org\/{rel}","templated":true}]}}