{"id":331,"date":"2021-11-22T13:56:32","date_gmt":"2021-11-22T13:56:32","guid":{"rendered":"https:\/\/www.bibliayteologiahoy.com\/?page_id=331"},"modified":"2021-12-09T01:28:58","modified_gmt":"2021-12-09T01:28:58","slug":"contacto","status":"publish","type":"page","link":"https:\/\/www.bibliayteologiahoy.com\/?page_id=331","title":{"rendered":"Contacto"},"content":{"rendered":"<p><!--themify_builder_static--><\/p>\n<h1>\u00bfTienes m\u00e1s preguntas?<\/h1>\n<p>Estamos listos para ayudarte<\/p>\n<h2>Cont\u00e1ctanos<\/h2>\n<p>Si tiene alguna duda no dude en contactar con nosotros mediante este formulario.<\/p>\n<form action=\"https:\/\/www.bibliayteologiahoy.com\/wp-admin\/admin-ajax.php\" class=\"builder-contact\" id=\"tb_pawz711-form\" method=\"post\" data-post-id=\"877\" data-element-id=\"pawz711\" data-orig-id=\"\" > <label for=\"tb_pawz711-contact-name\">Nombre *<\/label> <input type=\"text\" name=\"contact-name\" placeholder=\"\" id=\"tb_pawz711-contact-name\" value=\"\" required> <label for=\"tb_pawz711-contact-email\">Email *<\/label> <input type=\"text\" name=\"contact-email\" placeholder=\"\" id=\"tb_pawz711-contact-email\" value=\"\" required> <label for=\"tb_pawz711-contact-subject\">tema *<\/label> <input type=\"text\" name=\"contact-subject\" placeholder=\"\" id=\"tb_pawz711-contact-subject\" value=\"\" required> <label for=\"tb_pawz711-contact-message\">Mensaje *<\/label> <textarea name=\"contact-message\" placeholder=\"\" id=\"tb_pawz711-contact-message\" required><\/textarea> <button type=\"submit\">enviar<\/button> <\/form>\n<h2><b>Newsletter<\/b><\/h2>\n<p>Suscr\u00edbase a nuestro bolet\u00edn informativo gratuito para recibir noticias sobre nuestra publicaci\u00f3n.<\/p>\n<form id=\"sib_signup_form_2\" method=\"post\"> <img decoding=\"async\" src=\"https:\/\/www.bibliayteologiahoy.com\/wp-includes\/images\/spinner.gif\" alt=\"loader\"> <input type=\"hidden\" name=\"sib_form_action\" value=\"subscribe_form_submit\"> <input type=\"hidden\" name=\"sib_form_id\" value=\"2\"> <input type=\"hidden\" name=\"sib_form_alert_notice\" value=\"Por favor llene este campo\"> <input type=\"hidden\" name=\"sib_security\" value=\"2ec2e44eb1\"> <\/p>\n<p>\n <label>Nombre*<\/label><br \/>\n <input type=\"text\" name=\"NOMBRE\" required=\"required\" >\n<\/p>\n<p>\n <label>Apellido*<\/label><br \/>\n <input type=\"text\" name=\"APELLIDO\" required=\"required\" >\n<\/p>\n<p>\n <label>Correo electr\u00f3nico*<\/label><br \/>\n <input type=\"email\" name=\"email\" placeholder=\"\" value=\"\" required=\"required\" >\n<\/p>\n<p>\n <label>Pa\u00eds<\/label><br \/>\n <input type=\"text\" name=\"PAIS\" >\n<\/p>\n<p>\n <label>Ciudad<\/label><br \/>\n <input type=\"text\" name=\"CITY\" >\n<\/p>\n<p>\n <input type=\"submit\" name=\"submit\" value=\"Suscribirse\" >\n<\/p>\n<\/p><\/form>\n<p><img decoding=\"async\" loading=\"lazy\" src=\"https:\/\/www.bibliayteologiahoy.com\/wp-content\/uploads\/2021\/11\/log2-100x100.png\" width=\"100\" height=\"100\" title=\"log2\" alt=\"log2\" srcset=\"https:\/\/www.bibliayteologiahoy.com\/wp-content\/uploads\/2021\/11\/log2-100x100.png 100w, https:\/\/www.bibliayteologiahoy.com\/wp-content\/uploads\/2021\/11\/log2-150x150.png 150w, https:\/\/www.bibliayteologiahoy.com\/wp-content\/uploads\/2021\/11\/log2.png 200w\" sizes=\"auto, (max-width: 100px) 100vw, 100px\" \/><br \/>\n Biblia y Teolog\u00eda Hoy <\/p>\n<p> <a href=\"https:\/\/www.clie.es\" > <img decoding=\"async\" loading=\"lazy\" src=\"https:\/\/www.bibliayteologiahoy.com\/wp-content\/uploads\/2021\/12\/CLIEBLANCO-150x150.png\" width=\"150\" height=\"150\" title=\"CLIE LOGO BLANCO\" alt=\"CLIE LOGO BLANCO\" srcset=\"https:\/\/www.bibliayteologiahoy.com\/wp-content\/uploads\/2021\/12\/CLIEBLANCO-150x150.png 150w, https:\/\/www.bibliayteologiahoy.com\/wp-content\/uploads\/2021\/12\/CLIEBLANCO-300x300.png 300w, https:\/\/www.bibliayteologiahoy.com\/wp-content\/uploads\/2021\/12\/CLIEBLANCO.png 500w\" sizes=\"auto, (max-width: 150px) 100vw, 150px\" \/> <\/a><br \/>\n <a href=\"https:\/\/www.sociedadbiblica.org\" > <img decoding=\"async\" loading=\"lazy\" src=\"https:\/\/www.bibliayteologiahoy.com\/wp-content\/uploads\/2021\/12\/SBBLANCO-150x150.png\" width=\"150\" height=\"150\" title=\"SBBLANCO\" alt=\"SBBLANCO\" srcset=\"https:\/\/www.bibliayteologiahoy.com\/wp-content\/uploads\/2021\/12\/SBBLANCO-150x150.png 150w, https:\/\/www.bibliayteologiahoy.com\/wp-content\/uploads\/2021\/12\/SBBLANCO-300x300.png 300w, https:\/\/www.bibliayteologiahoy.com\/wp-content\/uploads\/2021\/12\/SBBLANCO.png 500w\" sizes=\"auto, (max-width: 150px) 100vw, 150px\" \/> <\/a><br \/>\n <a href=\"https:\/\/tienda.papiro52.com\" > <img decoding=\"async\" loading=\"lazy\" src=\"https:\/\/www.bibliayteologiahoy.com\/wp-content\/uploads\/2021\/12\/PAPSBLANC-150x150.png\" width=\"150\" height=\"150\" title=\"PAPSBLANC\" alt=\"PAPSBLANC\" srcset=\"https:\/\/www.bibliayteologiahoy.com\/wp-content\/uploads\/2021\/12\/PAPSBLANC-150x150.png 150w, https:\/\/www.bibliayteologiahoy.com\/wp-content\/uploads\/2021\/12\/PAPSBLANC-300x300.png 300w, https:\/\/www.bibliayteologiahoy.com\/wp-content\/uploads\/2021\/12\/PAPSBLANC.png 500w\" sizes=\"auto, (max-width: 150px) 100vw, 150px\" \/> <\/a> <\/p>\n<ul id=\"menu-footer-nav\">\n<li id=\"menu-item-998\"><a href=\"https:\/\/www.bibliayteologiahoy.com\/\" aria-current=\"page\">Inicio<\/a>\n<ul>\n<li id=\"menu-item-999\"><a href=\"https:\/\/www.bibliayteologiahoy.com\/?page_id=837\">\u00bfQui\u00e9nes somos?<\/a><\/li>\n<\/ul>\n<\/li>\n<li id=\"menu-item-1000\"><a href=\"https:\/\/www.bibliayteologiahoy.com\/?page_id=369\">Actual<\/a>\n<ul>\n<li id=\"menu-item-1001\"><a href=\"https:\/\/www.bibliayteologiahoy.com\/?page_id=419\">Archivo<\/a><\/li>\n<\/ul>\n<\/li>\n<li id=\"menu-item-1002\"><a href=\"https:\/\/www.bibliayteologiahoy.com\/?page_id=469\">Compras<\/a><\/li>\n<li id=\"menu-item-1010\"><a href=\"#\">Acceso a contenido<\/a>\n<ul>\n<li id=\"menu-item-1028\"><a href=\"https:\/\/www.bibliayteologiahoy.com\/?p=382\">Vol. 1 N\u00fam. 1 (2021) diciembre<\/a><\/li>\n<\/ul>\n<\/li>\n<li id=\"menu-item-1003\"><a href=\"https:\/\/www.bibliayteologiahoy.com\/?page_id=331\">Contacto<\/a><\/li>\n<li id=\"menu-item-1004\"><a href=\"https:\/\/www.bibliayteologiahoy.com\/?page_id=459\">Mi cuenta<\/a><\/li>\n<li id=\"menu-item-1007\"><a href=\"https:\/\/www.bibliayteologiahoy.com\/?page_id=475\">T\u00e9rminos y condiciones<\/a><\/li>\n<\/ul>\n<p> \u00a9 Revista Biblia y Teolog\u00eda Hoy 2021<!--\/themify_builder_static--><\/p>\n","protected":false},"excerpt":{"rendered":"<p>\u00bfTienes m\u00e1s preguntas? Estamos listos para ayudarte Cont\u00e1ctanos Si tiene alguna duda no dude en contactar con nosotros mediante este formulario. Nombre * Email * tema * Mensaje * enviar Newsletter Suscr\u00edbase a nuestro bolet\u00edn informativo gratuito para recibir noticias sobre nuestra publicaci\u00f3n. Nombre* Apellido* Correo electr\u00f3nico* Pa\u00eds Ciudad Biblia y Teolog\u00eda Hoy Inicio \u00bfQui\u00e9nes [&hellip;]<\/p>\n","protected":false},"author":757,"featured_media":0,"parent":0,"menu_order":0,"comment_status":"closed","ping_status":"closed","template":"","meta":{"footnotes":""},"class_list":["post-331","page","type-page","status-publish","hentry","has-post-title","has-post-date","has-post-category","has-post-tag","has-post-comment","has-post-author",""],"_links":{"self":[{"href":"https:\/\/www.bibliayteologiahoy.com\/index.php?rest_route=\/wp\/v2\/pages\/331","targetHints":{"allow":["GET"]}}],"collection":[{"href":"https:\/\/www.bibliayteologiahoy.com\/index.php?rest_route=\/wp\/v2\/pages"}],"about":[{"href":"https:\/\/www.bibliayteologiahoy.com\/index.php?rest_route=\/wp\/v2\/types\/page"}],"author":[{"embeddable":true,"href":"https:\/\/www.bibliayteologiahoy.com\/index.php?rest_route=\/wp\/v2\/users\/757"}],"replies":[{"embeddable":true,"href":"https:\/\/www.bibliayteologiahoy.com\/index.php?rest_route=%2Fwp%2Fv2%2Fcomments&post=331"}],"version-history":[{"count":14,"href":"https:\/\/www.bibliayteologiahoy.com\/index.php?rest_route=\/wp\/v2\/pages\/331\/revisions"}],"predecessor-version":[{"id":1075,"href":"https:\/\/www.bibliayteologiahoy.com\/index.php?rest_route=\/wp\/v2\/pages\/331\/revisions\/1075"}],"wp:attachment":[{"href":"https:\/\/www.bibliayteologiahoy.com\/index.php?rest_route=%2Fwp%2Fv2%2Fmedia&parent=331"}],"curies":[{"name":"wp","href":"https:\/\/api.w.org\/{rel}","templated":true}]}}