{"id":1386,"date":"2023-02-16T09:49:09","date_gmt":"2023-02-16T09:49:09","guid":{"rendered":"https:\/\/www.bibliayteologiahoy.com\/?page_id=1386"},"modified":"2026-04-10T10:08:19","modified_gmt":"2026-04-10T10:08:19","slug":"numero-3-2","status":"publish","type":"page","link":"https:\/\/www.bibliayteologiahoy.com\/?page_id=1386","title":{"rendered":"Volumen V &#8211; N\u00famero 3 | Publicaci\u00f3n 11"},"content":{"rendered":"<\/p>\n\n\n<!--themify_builder_static--><h1>Vol. VI N\u00famero 1<br>Publicaci\u00f3n 12<\/h1>\n<p>Ya est\u00e1 disponible nuestra nueva publicaci\u00f3n del Journal <i>Biblia y Teolog\u00eda Hoy, revista teol\u00f3gica Iberoamericana<\/i> (BYTH), patrocinada por Editorial CLIE, Sociedad B\u00edblica de Espa\u00f1a y Papiro 52.<\/p>\n<a href=\"https:\/\/www.bibliayteologiahoy.com\/?page_id=469\" > Suscripci\u00f3n <\/a>\n<img loading=\"lazy\" decoding=\"async\" src=\"https:\/\/www.bibliayteologiahoy.com\/wp-content\/uploads\/Group-3-442x452.png\" width=\"442\" height=\"452\" title=\"Group 3\" alt=\"Group 3\" srcset=\"https:\/\/www.bibliayteologiahoy.com\/wp-content\/uploads\/Group-3.png 442w, https:\/\/www.bibliayteologiahoy.com\/wp-content\/uploads\/Group-3-293x300.png 293w\" sizes=\"auto, (max-width: 442px) 100vw, 442px\" \/>\n<p>Tenemos en este n\u00famero un mosaico de temas que hacen honor al nombre de la revista: Biblia y teolog\u00eda hoy. Los autores representan diferentes herencias denominacionales as\u00ed como una cultura \u00fanica y en esta nueva edici\u00f3n encontrar\u00e1n prueba de ello.<\/p>\n\n<a href=\"https:\/\/www.bibliayteologiahoy.com\/wp-content\/uploads\/MUESTRA_WEB.pdf\" target=\"_blank\" rel=\"noopener\"> descarga el pdf muestra <\/a>\n<h1>Edici\u00f3n F\u00edsica<\/h1>\n<p><i>Biblia y Teolog\u00eda Hoy<\/i> se presenta en formato impreso, que bajo compra espor\u00e1dica o suscripci\u00f3n anual, llegar\u00e1 a su domicilio por correo ordinario. Si adquiere la revista f\u00edsica, BYTH le obsequiar\u00e1 con la descarga gratuita del mismo contenido en digital para que pueda leerlo desde el mismo d\u00eda en que adquiera la revista.<\/p>\n<a href=\"https:\/\/www.bibliayteologiahoy.com\/?page_id=465&#038;lid=1\" target=\"_blank\" rel=\"noopener\"> Suscripci\u00f3n anual <\/a>\n<a href=\"https:\/\/www.bibliayteologiahoy.com\/?page_id=465&#038;lid=3\" target=\"_blank\" rel=\"noopener\"> Comprar tomo <\/a>\n<img loading=\"lazy\" decoding=\"async\" src=\"https:\/\/www.bibliayteologiahoy.com\/wp-content\/uploads\/2021\/11\/mag1-1-500x399.jpg\" width=\"500\" height=\"399\" title=\"mag1\" alt=\"mag1\" srcset=\"https:\/\/www.bibliayteologiahoy.com\/wp-content\/uploads\/2021\/11\/mag1-1-500x399.jpg 500w, https:\/\/www.bibliayteologiahoy.com\/wp-content\/uploads\/2021\/11\/mag1-1-300x240.jpg 300w, https:\/\/www.bibliayteologiahoy.com\/wp-content\/uploads\/2021\/11\/mag1-1.jpg 600w\" sizes=\"auto, (max-width: 500px) 100vw, 500px\" \/>\n<img loading=\"lazy\" decoding=\"async\" src=\"https:\/\/www.bibliayteologiahoy.com\/wp-content\/uploads\/Group-2-500x438.png\" width=\"500\" height=\"438\" title=\"Group 2\" alt=\"Group 2\" srcset=\"https:\/\/www.bibliayteologiahoy.com\/wp-content\/uploads\/Group-2-500x438.png 500w, https:\/\/www.bibliayteologiahoy.com\/wp-content\/uploads\/Group-2-300x263.png 300w, https:\/\/www.bibliayteologiahoy.com\/wp-content\/uploads\/Group-2.png 650w\" sizes=\"auto, (max-width: 500px) 100vw, 500px\" \/>\n<h1>Edici\u00f3n Digital<\/h1>\n<p><i>Biblia y Teolog\u00eda Hoy<\/i> puede adquirirse en formato digital tanto de forma espor\u00e1dica como en suscripci\u00f3n anual en nuestra p\u00e1gina web. <br \/><\/p>\n<a href=\"https:\/\/www.bibliayteologiahoy.com\/?page_id=465&#038;lid=2\" target=\"_blank\" rel=\"noopener\"> Suscripci\u00f3n anual <\/a>\n<a href=\"https:\/\/www.bibliayteologiahoy.com\/?page_id=465&#038;lid=4\" target=\"_blank\" rel=\"noopener\"> Comprar tomo <\/a>\n<h2 style=\"text-align: left;\">Otras opciones de compra:<\/h2>\n<a href=\"https:\/\/www.amazon.com\/-\/es\/Ofelia-Ortega-ebook\/dp\/B0D69W97Y7\/ref=monarch_sidesheet\" rel=\"noopener\" target=\"_blank\"> <img loading=\"lazy\" decoding=\"async\" src=\"https:\/\/www.bibliayteologiahoy.com\/wp-content\/uploads\/2021\/12\/kindle-150x150.png\" width=\"150\" height=\"150\" title=\"kindle\" alt=\"kindle\" srcset=\"https:\/\/www.bibliayteologiahoy.com\/wp-content\/uploads\/2021\/12\/kindle-150x150.png 150w, https:\/\/www.bibliayteologiahoy.com\/wp-content\/uploads\/2021\/12\/kindle.png 250w\" sizes=\"auto, (max-width: 150px) 100vw, 150px\" \/> <\/a>\n<a href=\"https:\/\/www.amazon.com\/-\/es\/Ofelia-Ortega-ebook\/dp\/B0D69W97Y7\/ref=monarch_sidesheet\" target=\"_blank\" rel=\"noopener\"> AMAZON Kindle <\/a>\n<a href=\"https:\/\/books.apple.com\/es\/book\/biblia-y-teolog%C3%ADa-hoy-1-2024\/id6504002783?l=ca\" rel=\"noopener\" target=\"_blank\"> <img loading=\"lazy\" decoding=\"async\" src=\"https:\/\/www.bibliayteologiahoy.com\/wp-content\/uploads\/2021\/12\/APPLE-150x150.png\" width=\"150\" height=\"150\" title=\"APPLE\" alt=\"APPLE\" srcset=\"https:\/\/www.bibliayteologiahoy.com\/wp-content\/uploads\/2021\/12\/APPLE-150x150.png 150w, https:\/\/www.bibliayteologiahoy.com\/wp-content\/uploads\/2021\/12\/APPLE.png 250w\" sizes=\"auto, (max-width: 150px) 100vw, 150px\" \/> <\/a>\n<a href=\"https:\/\/books.apple.com\/es\/book\/biblia-y-teolog%C3%ADa-hoy-1-2024\/id6504002783?l=ca\" target=\"_blank\" rel=\"noopener\"> apple books <\/a>\n<a href=\"https:\/\/play.google.com\/store\/books\/details\/Ofelia_Ortega_Biblia_y_Teolog%C3%ADa_Hoy_1_2024?id=_OEMEQAAQBAJ&#038;gl=us\" rel=\"noopener\" target=\"_blank\"> <img loading=\"lazy\" decoding=\"async\" src=\"https:\/\/www.bibliayteologiahoy.com\/wp-content\/uploads\/2021\/12\/GPLAY-150x150.png\" width=\"150\" height=\"150\" title=\"GPLAY\" alt=\"GPLAY\" srcset=\"https:\/\/www.bibliayteologiahoy.com\/wp-content\/uploads\/2021\/12\/GPLAY-150x150.png 150w, https:\/\/www.bibliayteologiahoy.com\/wp-content\/uploads\/2021\/12\/GPLAY.png 250w\" sizes=\"auto, (max-width: 150px) 100vw, 150px\" \/> <\/a>\n<a href=\"https:\/\/play.google.com\/store\/books\/details\/Ofelia_Ortega_Biblia_y_Teolog%C3%ADa_Hoy_1_2024?id=_OEMEQAAQBAJ&#038;gl=us\" target=\"_blank\" rel=\"noopener\"> Google play <\/a>\n<a href=\"https:\/\/books.google.es\/books?id=_OEMEQAAQBAJ&#038;newbks=0&#038;printsec=frontcover&#038;pg=PT2&#038;dq=Biblia+y+teologia+hoy+(1-2024)&#038;hl=es&#038;source=newbks_fb&#038;redir_esc=y#v=onepage&#038;q=Biblia%20y%20teologia%20hoy%20(1-2024)&#038;f=false\" rel=\"noopener\" target=\"_blank\"> <img loading=\"lazy\" decoding=\"async\" src=\"https:\/\/www.bibliayteologiahoy.com\/wp-content\/uploads\/2021\/12\/gboks-150x150.png\" width=\"150\" height=\"150\" title=\"gboks\" alt=\"gboks\" srcset=\"https:\/\/www.bibliayteologiahoy.com\/wp-content\/uploads\/2021\/12\/gboks-150x150.png 150w, https:\/\/www.bibliayteologiahoy.com\/wp-content\/uploads\/2021\/12\/gboks.png 250w\" sizes=\"auto, (max-width: 150px) 100vw, 150px\" \/> <\/a>\n<a href=\"https:\/\/books.google.es\/books?id=_OEMEQAAQBAJ&#038;newbks=0&#038;printsec=frontcover&#038;pg=PT2&#038;dq=Biblia+y+teologia+hoy+(1-2024)&#038;hl=es&#038;source=newbks_fb&#038;redir_esc=y#v=onepage&#038;q=Biblia%20y%20teologia%20hoy%20(1-2024)&#038;f=false\" target=\"_blank\" rel=\"noopener\"> google books <\/a>\n<a href=\"https:\/\/www.amazon.com\/-\/es\/gp\/product\/8419779660\/ref=ox_sc_act_image_1?smid=A1Y53T3O3Q25L8&#038;psc=1\" rel=\"noopener\" target=\"_blank\"> <img loading=\"lazy\" decoding=\"async\" src=\"https:\/\/www.bibliayteologiahoy.com\/wp-content\/uploads\/2021\/12\/AMAZLOG-150x150.png\" width=\"150\" height=\"150\" title=\"AMAZLOG\" alt=\"AMAZLOG\" srcset=\"https:\/\/www.bibliayteologiahoy.com\/wp-content\/uploads\/2021\/12\/AMAZLOG-150x150.png 150w, https:\/\/www.bibliayteologiahoy.com\/wp-content\/uploads\/2021\/12\/AMAZLOG.png 250w\" sizes=\"auto, (max-width: 150px) 100vw, 150px\" \/> <\/a>\n<a href=\"https:\/\/www.amazon.com\/-\/es\/gp\/product\/8419779660\/ref=ox_sc_act_image_1?smid=A1Y53T3O3Q25L8&#038;psc=1\" target=\"_blank\" rel=\"noopener\"> IMPRESO AMAZON <\/a>\n<h1>R. FERNANDES <br\/>La teolog\u00eda evang\u00e9lica y latinoamericana de Samuel Escobar: una breve semblanza a su vida y pensamiento <\/h1>\n<h1>M. \u00c1LVAREZ <br\/>Samuel Escobar: teolog\u00eda, misi\u00f3n y responsabilidad social desde Am\u00e9rica Latina <\/h1>\n<h1>H. SEGURA <br\/>La iglesia como pueblo en misi\u00f3n: claves eclesiol\u00f3gicas en el pensamiento de Samuel Escobar <\/h1>\n<h1>A. ROLD\u00c1N <br\/>El proyecto teol\u00f3gico de Samuel Escobar: situado en Hispanoam\u00e9rica, centrado en el reino y con s\u00edntesis en la cristolog\u00eda <\/h1><!--\/themify_builder_static-->\n","protected":false},"excerpt":{"rendered":"","protected":false},"author":757,"featured_media":0,"parent":0,"menu_order":0,"comment_status":"closed","ping_status":"closed","template":"","meta":{"footnotes":""},"class_list":["post-1386","page","type-page","status-publish","hentry","has-post-title","has-post-date","has-post-category","has-post-tag","has-post-comment","has-post-author",""],"_links":{"self":[{"href":"https:\/\/www.bibliayteologiahoy.com\/index.php?rest_route=\/wp\/v2\/pages\/1386","targetHints":{"allow":["GET"]}}],"collection":[{"href":"https:\/\/www.bibliayteologiahoy.com\/index.php?rest_route=\/wp\/v2\/pages"}],"about":[{"href":"https:\/\/www.bibliayteologiahoy.com\/index.php?rest_route=\/wp\/v2\/types\/page"}],"author":[{"embeddable":true,"href":"https:\/\/www.bibliayteologiahoy.com\/index.php?rest_route=\/wp\/v2\/users\/757"}],"replies":[{"embeddable":true,"href":"https:\/\/www.bibliayteologiahoy.com\/index.php?rest_route=%2Fwp%2Fv2%2Fcomments&post=1386"}],"version-history":[{"count":183,"href":"https:\/\/www.bibliayteologiahoy.com\/index.php?rest_route=\/wp\/v2\/pages\/1386\/revisions"}],"predecessor-version":[{"id":2250,"href":"https:\/\/www.bibliayteologiahoy.com\/index.php?rest_route=\/wp\/v2\/pages\/1386\/revisions\/2250"}],"wp:attachment":[{"href":"https:\/\/www.bibliayteologiahoy.com\/index.php?rest_route=%2Fwp%2Fv2%2Fmedia&parent=1386"}],"curies":[{"name":"wp","href":"https:\/\/api.w.org\/{rel}","templated":true}]}}