{"id":1226,"date":"2022-09-12T11:16:15","date_gmt":"2022-09-12T11:16:15","guid":{"rendered":"https:\/\/www.bibliayteologiahoy.com\/?page_id=1226"},"modified":"2024-11-04T14:17:37","modified_gmt":"2024-11-04T14:17:37","slug":"numero-1","status":"publish","type":"page","link":"https:\/\/www.bibliayteologiahoy.com\/?page_id=1226","title":{"rendered":"N\u00famero 1"},"content":{"rendered":"<p><\/p>\n\n\n\n<!--themify_builder_static--><h1>Vol. 1\u00a0 N\u00fam. 1 diciembre 2021<\/h1> <p>Presentamos el primer tomo de la publicaci\u00f3n cuatrimestral <i>Biblia y Teolog\u00eda Hoy, revista teol\u00f3gica Iberoamericana<\/i> (BYTH), patrocinada por Editorial CLIE, Sociedad B\u00edblica de Espa\u00f1a y Papiro 52.<\/p>\n<a href=\"https:\/\/www.bibliayteologiahoy.com\/?page_id=469\" > Suscripci\u00f3n <\/a>\n<img decoding=\"async\" loading=\"lazy\" src=\"https:\/\/www.bibliayteologiahoy.com\/wp-content\/uploads\/2021\/11\/iphone-reas33-442x452.png\" width=\"442\" height=\"452\" title=\"iphone-reas33\" alt=\"iphone-reas33\" srcset=\"https:\/\/www.bibliayteologiahoy.com\/wp-content\/uploads\/2021\/11\/iphone-reas33.png 442w, https:\/\/www.bibliayteologiahoy.com\/wp-content\/uploads\/2021\/11\/iphone-reas33-293x300.png 293w, https:\/\/www.bibliayteologiahoy.com\/wp-content\/uploads\/2021\/11\/iphone-reas33-50x50.png 50w, https:\/\/www.bibliayteologiahoy.com\/wp-content\/uploads\/2021\/11\/iphone-reas33-300x306.png 300w\" sizes=\"auto, (max-width: 442px) 100vw, 442px\" \/>\n<p style=\"text-align: left;\">En este n\u00famero constan art\u00edculos de cuatro miembros del comit\u00e9 editorial de BYTH que presentan la revista y sientan el precedente para sus futuras publicaciones. BYTH promueve y difunde ensayos acad\u00e9micos con el fin de abrir un espacio de di\u00e1logo, a partir de una reflexi\u00f3n cr\u00edtica desde la teolog\u00eda.\u00a0<\/p> <p style=\"text-align: left;\">BYTH mantiene una convocatoria abierta permanente a recibir colaboraciones de alumnos de posgrado, profesores e investigadores, ofreci\u00e9ndose como plataforma de voces nuevas y veteranas por igual dentro de la discusi\u00f3n teol\u00f3gica iberoamericana.\u00a0<\/p>\n<p>Please wait while flipbook is loading. For more related info, FAQs and issues please refer to <a href=\"https:\/\/wordpress.org\/plugins\/3d-flipbook-dflip-lite\/#installation\">DearFlip WordPress Flipbook Plugin Help<\/a> documentation.<\/p>\n<a href=\"https:\/\/www.bibliayteologiahoy.com\/wp-content\/uploads\/2021\/12\/BTH_1-Teologi\u0301a-hoy-1.pdf\" > descarga el pdf muestra <\/a>\n<h1>Edici\u00f3n F\u00edsica<\/h1>\n<p><i>Biblia y Teolog\u00eda Hoy<\/i> se presenta en formato impreso, que bajo compra espor\u00e1dica o suscripci\u00f3n anual, llegar\u00e1 a su domicilio por correo ordinario. Si adquiere la revista f\u00edsica, BYTH le obsequiar\u00e1 con la descarga gratuita del mismo contenido en digital para que pueda leerlo desde el mismo d\u00eda en que adquiera la revista.<\/p>\n<a href=\"https:\/\/www.bibliayteologiahoy.com\/?page_id=465&#038;lid=1\" target=\"_blank\" rel=\"noopener\"> Suscripci\u00f3n anual <\/a>\n<a href=\"https:\/\/www.bibliayteologiahoy.com\/?page_id=465&#038;lid=3\" target=\"_blank\" rel=\"noopener\"> Comprar tomo <\/a>\n<img decoding=\"async\" loading=\"lazy\" src=\"https:\/\/www.bibliayteologiahoy.com\/wp-content\/uploads\/2021\/11\/mag1-1-500x399.jpg\" width=\"500\" height=\"399\" title=\"mag1\" alt=\"mag1\" srcset=\"https:\/\/www.bibliayteologiahoy.com\/wp-content\/uploads\/2021\/11\/mag1-1-500x399.jpg 500w, https:\/\/www.bibliayteologiahoy.com\/wp-content\/uploads\/2021\/11\/mag1-1-300x240.jpg 300w, https:\/\/www.bibliayteologiahoy.com\/wp-content\/uploads\/2021\/11\/mag1-1.jpg 600w\" sizes=\"auto, (max-width: 500px) 100vw, 500px\" \/>\n<img decoding=\"async\" loading=\"lazy\" src=\"https:\/\/www.bibliayteologiahoy.com\/wp-content\/uploads\/2021\/11\/actual-2-500x399.jpg\" width=\"500\" height=\"399\" title=\"actual 2\" alt=\"actual 2\" srcset=\"https:\/\/www.bibliayteologiahoy.com\/wp-content\/uploads\/2021\/11\/actual-2-500x399.jpg 500w, https:\/\/www.bibliayteologiahoy.com\/wp-content\/uploads\/2021\/11\/actual-2-300x240.jpg 300w, https:\/\/www.bibliayteologiahoy.com\/wp-content\/uploads\/2021\/11\/actual-2.jpg 600w\" sizes=\"auto, (max-width: 500px) 100vw, 500px\" \/>\n<h1>Edici\u00f3n Digital<\/h1>\n<p><i>Biblia y Teolog\u00eda Hoy<\/i> puede adquirirse en formato digital tanto de forma espor\u00e1dica como en suscripci\u00f3n anual en nuestra p\u00e1gina web. Adem\u00e1s contamos con distribuci\u00f3n en plataformas externas tales como Amazon, Apple y Google.<\/p>\n<a href=\"https:\/\/www.bibliayteologiahoy.com\/?page_id=465&#038;lid=2\" target=\"_blank\" rel=\"noopener\"> Suscripci\u00f3n anual <\/a>\n<a href=\"https:\/\/www.bibliayteologiahoy.com\/?page_id=465&#038;lid=4\" target=\"_blank\" rel=\"noopener\"> Comprar tomo <\/a>\n<h2 style=\"text-align: left;\">Otras opciones de compra:<\/h2>\n<a href=\"https:\/\/www.amazon.com\/gp\/product\/B09P43PYNX\/ref=as_li_tl?ie=UTF8&#038;creativeASIN=B09P43PYNX&#038;linkCode=as2\" > <img decoding=\"async\" loading=\"lazy\" src=\"https:\/\/www.bibliayteologiahoy.com\/wp-content\/uploads\/2021\/12\/kindle-150x150.png\" width=\"150\" height=\"150\" title=\"kindle\" alt=\"kindle\" srcset=\"https:\/\/www.bibliayteologiahoy.com\/wp-content\/uploads\/2021\/12\/kindle-150x150.png 150w, https:\/\/www.bibliayteologiahoy.com\/wp-content\/uploads\/2021\/12\/kindle.png 250w\" sizes=\"auto, (max-width: 150px) 100vw, 150px\" \/> <\/a>\n<a href=\"https:\/\/www.amazon.com\/gp\/product\/B09P43PYNX\/ref=as_li_tl?ie=UTF8&#038;creativeASIN=B09P43PYNX&#038;linkCode=as2\" target=\"_blank\" rel=\"noopener\"> AMAZON Kindle <\/a>\n<a href=\"https:\/\/books.apple.com\/us\/book\/id1601845790\" > <img decoding=\"async\" loading=\"lazy\" src=\"https:\/\/www.bibliayteologiahoy.com\/wp-content\/uploads\/2021\/12\/APPLE-150x150.png\" width=\"150\" height=\"150\" title=\"APPLE\" alt=\"APPLE\" srcset=\"https:\/\/www.bibliayteologiahoy.com\/wp-content\/uploads\/2021\/12\/APPLE-150x150.png 150w, https:\/\/www.bibliayteologiahoy.com\/wp-content\/uploads\/2021\/12\/APPLE.png 250w\" sizes=\"auto, (max-width: 150px) 100vw, 150px\" \/> <\/a>\n<a href=\"https:\/\/books.apple.com\/us\/book\/id1601845790\" target=\"_blank\" rel=\"noopener\"> apple books <\/a>\n<a href=\"https:\/\/play.google.com\/store\/books\/details?id=klFWEAAAQBAJ\" > <img decoding=\"async\" loading=\"lazy\" src=\"https:\/\/www.bibliayteologiahoy.com\/wp-content\/uploads\/2021\/12\/GPLAY-150x150.png\" width=\"150\" height=\"150\" title=\"GPLAY\" alt=\"GPLAY\" srcset=\"https:\/\/www.bibliayteologiahoy.com\/wp-content\/uploads\/2021\/12\/GPLAY-150x150.png 150w, https:\/\/www.bibliayteologiahoy.com\/wp-content\/uploads\/2021\/12\/GPLAY.png 250w\" sizes=\"auto, (max-width: 150px) 100vw, 150px\" \/> <\/a>\n<a href=\"https:\/\/play.google.com\/store\/books\/details?id=klFWEAAAQBAJ\" target=\"_blank\" rel=\"noopener\"> Google play <\/a>\n<a href=\"https:\/\/books.google.es\/books\/about?id=klFWEAAAQBAJ&#038;redir_esc=y&#038;hl=en\" > <img decoding=\"async\" loading=\"lazy\" src=\"https:\/\/www.bibliayteologiahoy.com\/wp-content\/uploads\/2021\/12\/gboks-150x150.png\" width=\"150\" height=\"150\" title=\"gboks\" alt=\"gboks\" srcset=\"https:\/\/www.bibliayteologiahoy.com\/wp-content\/uploads\/2021\/12\/gboks-150x150.png 150w, https:\/\/www.bibliayteologiahoy.com\/wp-content\/uploads\/2021\/12\/gboks.png 250w\" sizes=\"auto, (max-width: 150px) 100vw, 150px\" \/> <\/a>\n<a href=\"https:\/\/books.google.es\/books\/about?id=klFWEAAAQBAJ&#038;redir_esc=y&#038;hl=en\" target=\"_blank\" rel=\"noopener\"> google books <\/a>\n<a href=\"https:\/\/www.amazon.es\/s?k=9788419055071&#038;__mk_es_ES=%C3%85M%C3%85%C5%BD%C3%95%C3%91&#038;crid=3EUZYK6H1G2FF&#038;sprefix=9788419055071%2Caps%2C100&#038;ref=nb_sb_noss\" > <img decoding=\"async\" loading=\"lazy\" src=\"https:\/\/www.bibliayteologiahoy.com\/wp-content\/uploads\/2021\/12\/AMAZLOG-150x150.png\" width=\"150\" height=\"150\" title=\"AMAZLOG\" alt=\"AMAZLOG\" srcset=\"https:\/\/www.bibliayteologiahoy.com\/wp-content\/uploads\/2021\/12\/AMAZLOG-150x150.png 150w, https:\/\/www.bibliayteologiahoy.com\/wp-content\/uploads\/2021\/12\/AMAZLOG.png 250w\" sizes=\"auto, (max-width: 150px) 100vw, 150px\" \/> <\/a>\n<a href=\"https:\/\/www.amazon.es\/s?k=9788419055071&#038;__mk_es_ES=%C3%85M%C3%85%C5%BD%C3%95%C3%91&#038;crid=3EUZYK6H1G2FF&#038;sprefix=9788419055071%2Caps%2C100&#038;ref=nb_sb_noss\" target=\"_blank\" rel=\"noopener\"> IMPRESO AMAZON <\/a>\n<img decoding=\"async\" loading=\"lazy\" src=\"https:\/\/www.bibliayteologiahoy.com\/wp-content\/uploads\/2021\/12\/1-300x421.png\" width=\"300\" height=\"421\" title=\"1\" alt=\"1\" srcset=\"https:\/\/www.bibliayteologiahoy.com\/wp-content\/uploads\/2021\/12\/1-300x421.png 300w, https:\/\/www.bibliayteologiahoy.com\/wp-content\/uploads\/2021\/12\/1-213x300.png 213w, https:\/\/www.bibliayteologiahoy.com\/wp-content\/uploads\/2021\/12\/1.png 497w\" sizes=\"auto, (max-width: 300px) 100vw, 300px\" \/>\n<h1>Teolog\u00eda Hoy. Tres momentos que marcan un antes y un despu\u00e9s<br\/>Ra\u00fal Zald\u00edvar<\/h1>\n<ul><li><h4>Resumen.<\/h4><p>Una de las caracter\u00edsticas de la teolog\u00eda es su dinamismo; hecho que obliga tanto a los que la hacen como a los que la estudian a estar al d\u00eda. Los primeros tienen la responsabilidad de actualizarla y ponerla en el contexto social de los destinatarios y los segundos a actualizarse constantemente. Si bien es cierto que hay doctrinas p\u00e9treas establecidas que son intocables, tambi\u00e9n es cierto que todo lo dem\u00e1s debe evolucionar. Este trabajo se efect\u00faa a partir de tres momentos que le dan un rumbo sui generis a la reflexi\u00f3n teol\u00f3gica, es a saber, la teolog\u00eda de la liberaci\u00f3n, la teolog\u00eda \u00e9tnica y finalmente las nuevas teolog\u00edas de la liberaci\u00f3n o teolog\u00edas de g\u00e9nero. Lo anterior demuestra la afirmaci\u00f3n hecha anteriormente sobre el dinamismo de la teolog\u00eda y la necesidad del entendimiento del acontecer actual a la luz del pensamiento teol\u00f3gico.<\/p><\/li><li><h4>Palabras clave.<\/h4><p>Dinamismo, teolog\u00eda de la liberaci\u00f3n, teolog\u00edas \u00e9tnicas, teolog\u00edas de g\u00e9nero, nuevas teolog\u00edas de la liberaci\u00f3n.<\/p><\/li><li><h4>Theology Today. Three moments that marks a \u201cBefore\u201d and \u201cAfter\u201d<\/h4><p><b>Abstract. <\/b>One of the characteristics of theology is its dynamism; a fact that obligates both, those who make it and those who study it to stay well-informed. Those who make it have the responsibility not only to update it but to put it in the social context of the people to\u00a0whom it is being addressed. Those who study it must constantly work to stay current. While it is true that there are established theological doctrines that should not be touched, it is also true that everything else must evolve. This paper is written from three theological movements that mark the path for a contemporary theological reflection:\u00a0<i>i.e.\u00a0<\/i>liberation theology, ethnic theology, and finally, the new liberation theologies or gender theologies. This demonstrates the previous affirmation regarding the dynamism of theology and the need to understand the present in the light of a contextual Christian thought.<\/p><\/li><\/ul>\n<a href=\"https:\/\/www.bibliayteologiahoy.com\/wp-content\/uploads\/2021\/12\/BTH_1-Teologi\u0301a-hoy.pdf\" target=\"_blank\" rel=\"noopener\" download> PDF MUESTRA <\/a>\n<img decoding=\"async\" loading=\"lazy\" src=\"https:\/\/www.bibliayteologiahoy.com\/wp-content\/uploads\/2021\/12\/2-300x421.png\" width=\"300\" height=\"421\" title=\"2\" alt=\"2\" srcset=\"https:\/\/www.bibliayteologiahoy.com\/wp-content\/uploads\/2021\/12\/2-300x421.png 300w, https:\/\/www.bibliayteologiahoy.com\/wp-content\/uploads\/2021\/12\/2-213x300.png 213w, https:\/\/www.bibliayteologiahoy.com\/wp-content\/uploads\/2021\/12\/2.png 497w\" sizes=\"auto, (max-width: 300px) 100vw, 300px\" \/>\n<h1>Contribuci\u00f3n de los Judeo-helenistas al cristianismo primitivo<br\/>Alfonso Ropero<\/h1>\n<ul><li><h4>Resumen.<\/h4><p>De repente y sin presentaci\u00f3n previa, aparece un grupo de disc\u00edpulos en la historia de la iglesia primitiva conocido por helenistas, destinados a convertirse en los m\u00e1ximos exponentes de la apertura del cristianismo al mundo greco-latino. Con ellos se inicia la misi\u00f3n cristiana m\u00e1s all\u00e1 de las fronteras de Israel, comenzando por Samaria y llegando a Antioqu\u00eda, Damasco y otras grandes ciudades de entonces. El ap\u00f3stol Pablo se convertir\u00e1 en el m\u00e1ximo exponente de este cristianismo helenista en di\u00e1logo abierto con la cultura entorno confrontada con el mensaje redentor de Cristo el Se\u00f1or. A historiar su origen y contribuci\u00f3n a la iglesia universal est\u00e1 dedicado este ensayo a modo introducci\u00f3n a un tema desbordante.<\/p><\/li><li><h4>Palabras clave.<\/h4><p>Helenizantes, misi\u00f3n, judeocristianos, di\u00e1conos, Esteban, Felipe, Pablo.<\/p><\/li><li><h4>Contribution of the Judeo-Helenists to Early Christendom<\/h4><p><b>Abstract.<\/b> Suddenly and without prior introduction, a group of disciples appears in the history of the early church known as Hellenists, destined to become the greatest exponents of the openness of Christianity to the Greco-Latin world. With them begins the Christian mission beyond the borders of Israel, beginning with Samaria and reaching Antioch, Damascus and other large cities of that time. The apostle Paul will become the greatest exponent of this Hellenistic Christianity in open dialogue with the surrounding culture confronted with the redemptive message of Christ the Lord. This essay is dedicated to history its origin and contribution to the universal church as an introduction to an overflowing subject.<\/p><\/li><\/ul>\n<a href=\"https:\/\/www.bibliayteologiahoy.com\/wp-content\/uploads\/2021\/12\/BTH_1-Teologi\u0301a-hoy-1.pdf\" target=\"_blank\" rel=\"noopener\" download> PDF MUESTRA <\/a>\n<img decoding=\"async\" loading=\"lazy\" src=\"https:\/\/www.bibliayteologiahoy.com\/wp-content\/uploads\/2021\/12\/3-300x421.png\" width=\"300\" height=\"421\" title=\"3\" alt=\"3\" srcset=\"https:\/\/www.bibliayteologiahoy.com\/wp-content\/uploads\/2021\/12\/3-300x421.png 300w, https:\/\/www.bibliayteologiahoy.com\/wp-content\/uploads\/2021\/12\/3-213x300.png 213w, https:\/\/www.bibliayteologiahoy.com\/wp-content\/uploads\/2021\/12\/3.png 497w\" sizes=\"auto, (max-width: 300px) 100vw, 300px\" \/>\n<h1>Responsabilidad Social de la Iglesia. La Pr\u00e1ctica Relevante de una \u00c9tica Social del Evangelio<br\/>Miguel \u00c1lvarez<\/h1>\n<ul><li><h4>Resumen.<\/h4><p>Esta presentaci\u00f3n sobre la responsabilidad social de la iglesia protestante en los pa\u00edses latinoamericanos. El objetivo es identificar una \u00e9tica social transformadora que sea compatible\u00a0 con los principios del evangelio. Se debate sobre los l\u00edmites y las dificultades que enfrentan las iglesias para extender su ministerio hacia la realidad social de dichos pueblos. Con todo eso tambi\u00e9n se discute sobre las opciones\u00a0 y posibles soluciones que los cristianos puedan aportar\u00a0 para solventar las dificultades sociales. Esta discusi\u00f3n trate de manejarse dentro del marco de la narrativa b\u00edblica y teol\u00f3gica de la misionolog\u00eda contempor\u00e1nea. Este marco sirve para afirmar que las iglesias protestantes est\u00e1n equipadas y capacitadas para emprender el camino hacia la transformaci\u00f3n completa de los pueblos, especialmente aquellos que est\u00e1n en desventaja debido a las condiciones actuales de sus contextos sociales.<\/p><\/li><li><h4>Palabras clave.<\/h4><p>\u00c9tica social, Comunidad de Fe, Responsabilidad social, misi\u00f3n y reconciliaci\u00f3n, contextos sociales, Justicia Social<\/p><\/li><li><h4> Social Responsibility of the Church. The Social Ethics of the Gospel<\/h4><p><b>Abstract. <\/b>In this presentation the refers to the social responsibility of the Protestant church in Latin American countries. The goal is to identi- fy a transformative social ethic that is compatible with gospel principles. It is debated about the limits and difficulties faced by the churches to extend their ministry towards the social reality of these peoples. With all this, the author discusses the options and possible solutions that Chris- tians can contribute to solve social difficulties. This discussion is hand- led within the framework of the biblical and theological narrative of contemporary missiology. This study suggests that Protestant churches are equipped and able to engage the path towards the complete trans- formation of Latino peoples, especially those who are disadvantaged due to the current conditions of their social contexts.<\/p><\/li><\/ul>\n<a href=\"https:\/\/www.bibliayteologiahoy.com\/wp-content\/uploads\/2021\/12\/BTH_3-ResponsabilidadSocial.pdf\" target=\"_blank\" rel=\"noopener\" download> PDF MUESTRA <\/a>\n<img decoding=\"async\" loading=\"lazy\" src=\"https:\/\/www.bibliayteologiahoy.com\/wp-content\/uploads\/2021\/12\/4-300x421.png\" width=\"300\" height=\"421\" title=\"4\" alt=\"4\" srcset=\"https:\/\/www.bibliayteologiahoy.com\/wp-content\/uploads\/2021\/12\/4-300x421.png 300w, https:\/\/www.bibliayteologiahoy.com\/wp-content\/uploads\/2021\/12\/4-213x300.png 213w, https:\/\/www.bibliayteologiahoy.com\/wp-content\/uploads\/2021\/12\/4.png 497w\" sizes=\"auto, (max-width: 300px) 100vw, 300px\" \/>\n<h1>La ex\u00e9gesis textual. El modelo de interpretaci\u00f3n usando el texto de Hebreos 5:7<br\/>Samuel P\u00e9rez Millos<\/h1>\n<ul><li><h4>Resumen.<\/h4><p>La ex\u00e9gesis b\u00edblica debe seguir un determinado procedimiento para alcanzar el objetivo de dar al lector el contenido del texto tal como fue escrito y para quienes estaba destinado, haciendo posible la aplicaci\u00f3n al contexto actual. En el art\u00edculo se utilizan las t\u00e9cnicas cient\u00edficas tomando como modelo la interpretaci\u00f3n del texto de Hebreos 5:7. Para ello se usa el an\u00e1lisis del texto griego, la traducci\u00f3n literal al castellano en forma interlineal,\u00a0 el examen del entorno textual, determinado a la luz del texto las causas que producen los efectos descritos sin sobrepasar los l\u00edmites contextuales. Finalmente se resalta la aplicaci\u00f3n actual.<\/p><\/li><li><h4>Palabras clave.<\/h4><p>Ex\u00e9gesis, interpretaci\u00f3n, an\u00e1lisis textual, ruegos, s\u00faplicas, clamor, l\u00e1grimas, personalidad, anonadamiento, filiaci\u00f3n divina, muerte espiritual, agon\u00eda, soledad, temor reverente, aplicaci\u00f3n.<\/p><\/li><li><h4>Textual exegesis. Model of interpretation using Hebrews 5:7<\/h4><p><b>Abstract. <\/b>Biblical exegesis must follow a certain procedure to achieve the objective of giving the reader the content of the text as it was written and for whom it was intended, making it possible to apply it in today\u2019s context. In the article scientific techniques are used, taking as a model the interpretation of Hebrews 5:7. For this, the analysis of the Greek text is necessary, the literal translation into Spanish in an interlinear way, the examination of the textual environment, determined in the light of the text the causes that produce the effects described without exceeding the contextual limits. Finally the life application is highlighted.<\/p><\/li><\/ul>\n<a href=\"https:\/\/www.bibliayteologiahoy.com\/wp-content\/uploads\/2021\/12\/BTH_4-ExegesisTextual.pdf\" download> PDF MUESTRA <\/a>\n<h2>Cont\u00e1ctanos<\/h2> \n <p>Si tiene alguna duda no dude en contactar con nosotros mediante este formulario.<\/p> \n <form action=\"https:\/\/www.bibliayteologiahoy.com\/wp-admin\/admin-ajax.php\" class=\"builder-contact\" id=\"tb_pawz711-form\" method=\"post\" data-post-id=\"877\" data-element-id=\"pawz711\" data-orig-id=\"877\" > <label for=\"tb_pawz711-contact-name\">Nombre *<\/label> <input type=\"text\" name=\"contact-name\" placeholder=\"\" id=\"tb_pawz711-contact-name\" value=\"\" required> <label for=\"tb_pawz711-contact-email\">Email *<\/label> <input type=\"text\" name=\"contact-email\" placeholder=\"\" id=\"tb_pawz711-contact-email\" value=\"\" required> <label for=\"tb_pawz711-contact-subject\">tema *<\/label> <input type=\"text\" name=\"contact-subject\" placeholder=\"\" id=\"tb_pawz711-contact-subject\" value=\"\" required> <label for=\"tb_pawz711-contact-message\">Mensaje <\/label> <textarea name=\"contact-message\" placeholder=\"\" id=\"tb_pawz711-contact-message\"><\/textarea> <button type=\"submit\">enviar<\/button> <\/form>\n \n \n <h2><b>Newsletter<\/b><\/h2> \n <p>Suscr\u00edbase a nuestro bolet\u00edn informativo gratuito para recibir noticias sobre nuestra publicaci\u00f3n.<\/p> \n <form id=\"sib_signup_form_2\" method=\"post\"> <img decoding=\"async\" src=\"https:\/\/www.bibliayteologiahoy.com\/wp-includes\/images\/spinner.gif\" alt=\"loader\"> <input type=\"hidden\" name=\"sib_form_action\" value=\"subscribe_form_submit\"> <input type=\"hidden\" name=\"sib_form_id\" value=\"2\"> <input type=\"hidden\" name=\"sib_form_alert_notice\" value=\"Por favor llene este campo\"> <input type=\"hidden\" name=\"sib_security\" value=\"8f7cf2e248\"> <p> \n <label>Nombre*<\/label> \n <p><input type=\"text\" name=\"NOMBRE\" required=\"required\"> \n<\/p>\n<p> \n <label>Apellido*<\/label> \n <p><input type=\"text\" name=\"APELLIDO\" required=\"required\"> \n<\/p>\n<p> \n <label>Correo electr\u00f3nico*<\/label> \n <p><input type=\"email\" name=\"email\" placeholder=\"\" value=\"\" required=\"required\"> \n<\/p>\n<p> \n <label>Pa\u00eds*<\/label> \n <p><input type=\"text\" name=\"PAIS\" required=\"required\"> \n<\/p>\n<p> \n <label>Ciudad<\/label> \n <p><input type=\"text\" name=\"CITY\"> \n<\/p>\n<p> \n <p><input type=\"submit\" name=\"submit\" value=\"Suscribirse\"> \n<\/p>\n <\/form>\n<img decoding=\"async\" loading=\"lazy\" src=\"https:\/\/www.bibliayteologiahoy.com\/wp-content\/uploads\/2021\/11\/log2-100x100.png\" width=\"100\" height=\"100\" title=\"log2\" alt=\"log2\" srcset=\"https:\/\/www.bibliayteologiahoy.com\/wp-content\/uploads\/2021\/11\/log2-100x100.png 100w, https:\/\/www.bibliayteologiahoy.com\/wp-content\/uploads\/2021\/11\/log2-150x150.png 150w, https:\/\/www.bibliayteologiahoy.com\/wp-content\/uploads\/2021\/11\/log2.png 200w\" sizes=\"auto, (max-width: 100px) 100vw, 100px\" \/> \n Biblia y Teolog\u00eda Hoy \n \n <a href=\"https:\/\/www.clie.es\" > <img decoding=\"async\" loading=\"lazy\" src=\"https:\/\/www.bibliayteologiahoy.com\/wp-content\/uploads\/2021\/12\/CLIEBLANCO-150x150.png\" width=\"150\" height=\"150\" title=\"CLIE LOGO BLANCO\" alt=\"CLIE LOGO BLANCO\" srcset=\"https:\/\/www.bibliayteologiahoy.com\/wp-content\/uploads\/2021\/12\/CLIEBLANCO-150x150.png 150w, https:\/\/www.bibliayteologiahoy.com\/wp-content\/uploads\/2021\/12\/CLIEBLANCO-300x300.png 300w, https:\/\/www.bibliayteologiahoy.com\/wp-content\/uploads\/2021\/12\/CLIEBLANCO.png 500w\" sizes=\"auto, (max-width: 150px) 100vw, 150px\" \/> <\/a> \n <a href=\"https:\/\/www.sociedadbiblica.org\" > <img decoding=\"async\" loading=\"lazy\" src=\"https:\/\/www.bibliayteologiahoy.com\/wp-content\/uploads\/2021\/12\/SBBLANCO-150x150.png\" width=\"150\" height=\"150\" title=\"SBBLANCO\" alt=\"SBBLANCO\" srcset=\"https:\/\/www.bibliayteologiahoy.com\/wp-content\/uploads\/2021\/12\/SBBLANCO-150x150.png 150w, https:\/\/www.bibliayteologiahoy.com\/wp-content\/uploads\/2021\/12\/SBBLANCO-300x300.png 300w, https:\/\/www.bibliayteologiahoy.com\/wp-content\/uploads\/2021\/12\/SBBLANCO.png 500w\" sizes=\"auto, (max-width: 150px) 100vw, 150px\" \/> <\/a> \n <a href=\"https:\/\/tienda.papiro52.com\" > <img decoding=\"async\" loading=\"lazy\" src=\"https:\/\/www.bibliayteologiahoy.com\/wp-content\/uploads\/2021\/12\/PAPSBLANC-150x150.png\" width=\"150\" height=\"150\" title=\"PAPSBLANC\" alt=\"PAPSBLANC\" srcset=\"https:\/\/www.bibliayteologiahoy.com\/wp-content\/uploads\/2021\/12\/PAPSBLANC-150x150.png 150w, https:\/\/www.bibliayteologiahoy.com\/wp-content\/uploads\/2021\/12\/PAPSBLANC-300x300.png 300w, https:\/\/www.bibliayteologiahoy.com\/wp-content\/uploads\/2021\/12\/PAPSBLANC.png 500w\" sizes=\"auto, (max-width: 150px) 100vw, 150px\" \/> <\/a> \n <ul id=\"menu-footer-nav\"><li id=\"menu-item-998\"><a href=\"https:\/\/www.bibliayteologiahoy.com\/\">Inicio<\/a> <ul> <li id=\"menu-item-999\"><a href=\"https:\/\/www.bibliayteologiahoy.com\/?page_id=837\">\u00bfQui\u00e9nes somos?<\/a><\/li> <\/ul> <\/li> <li id=\"menu-item-1000\"><a href=\"https:\/\/www.bibliayteologiahoy.com\/?page_id=369\">Actual<\/a> <ul> <li id=\"menu-item-1001\"><a href=\"https:\/\/www.bibliayteologiahoy.com\/?page_id=419\">Archivo<\/a><\/li> <\/ul> <\/li> <li id=\"menu-item-1002\"><a href=\"https:\/\/www.bibliayteologiahoy.com\/?page_id=469\">Compras<\/a><\/li> <li id=\"menu-item-1010\"><a href=\"#\">Acceso a contenido<\/a> <ul> <li id=\"menu-item-1028\"><a href=\"https:\/\/www.bibliayteologiahoy.com\/?p=382\">Vol. 1 N\u00fam. 1 (2021) diciembre<\/a><\/li> <\/ul> <\/li> <li id=\"menu-item-1003\"><a href=\"https:\/\/www.bibliayteologiahoy.com\/?page_id=331\">Contacto<\/a><\/li> <li id=\"menu-item-1004\"><a href=\"https:\/\/www.bibliayteologiahoy.com\/?page_id=459\">Mi cuenta<\/a><\/li> <li id=\"menu-item-1007\"><a href=\"https:\/\/www.bibliayteologiahoy.com\/?page_id=475\">T\u00e9rminos y condiciones<\/a><\/li> <\/ul>\n \u00a9 Revista Biblia y Teolog\u00eda Hoy 2021<!--\/themify_builder_static-->","protected":false},"excerpt":{"rendered":"<p>Vol. 1\u00a0 N\u00fam. 1 diciembre 2021 Presentamos el primer tomo de la publicaci\u00f3n cuatrimestral Biblia y Teolog\u00eda Hoy, revista teol\u00f3gica Iberoamericana (BYTH), patrocinada por Editorial CLIE, Sociedad B\u00edblica de Espa\u00f1a y Papiro 52. Suscripci\u00f3n En este n\u00famero constan art\u00edculos de cuatro miembros del comit\u00e9 editorial de BYTH que presentan la revista y sientan el precedente [&hellip;]<\/p>\n","protected":false},"author":757,"featured_media":0,"parent":0,"menu_order":0,"comment_status":"closed","ping_status":"closed","template":"","meta":{"footnotes":""},"class_list":["post-1226","page","type-page","status-publish","hentry","has-post-title","has-post-date","has-post-category","has-post-tag","has-post-comment","has-post-author",""],"_links":{"self":[{"href":"https:\/\/www.bibliayteologiahoy.com\/index.php?rest_route=\/wp\/v2\/pages\/1226","targetHints":{"allow":["GET"]}}],"collection":[{"href":"https:\/\/www.bibliayteologiahoy.com\/index.php?rest_route=\/wp\/v2\/pages"}],"about":[{"href":"https:\/\/www.bibliayteologiahoy.com\/index.php?rest_route=\/wp\/v2\/types\/page"}],"author":[{"embeddable":true,"href":"https:\/\/www.bibliayteologiahoy.com\/index.php?rest_route=\/wp\/v2\/users\/757"}],"replies":[{"embeddable":true,"href":"https:\/\/www.bibliayteologiahoy.com\/index.php?rest_route=%2Fwp%2Fv2%2Fcomments&post=1226"}],"version-history":[{"count":26,"href":"https:\/\/www.bibliayteologiahoy.com\/index.php?rest_route=\/wp\/v2\/pages\/1226\/revisions"}],"predecessor-version":[{"id":1828,"href":"https:\/\/www.bibliayteologiahoy.com\/index.php?rest_route=\/wp\/v2\/pages\/1226\/revisions\/1828"}],"wp:attachment":[{"href":"https:\/\/www.bibliayteologiahoy.com\/index.php?rest_route=%2Fwp%2Fv2%2Fmedia&parent=1226"}],"curies":[{"name":"wp","href":"https:\/\/api.w.org\/{rel}","templated":true}]}}